{"id":151,"date":"2017-06-05T14:22:09","date_gmt":"2017-06-05T14:22:09","guid":{"rendered":"http:\/\/observatorios.uo.edu.cu\/calidad\/?page_id=151"},"modified":"2017-09-29T20:27:41","modified_gmt":"2017-09-29T20:27:41","slug":"nacionales","status":"publish","type":"page","link":"https:\/\/observatorios.uo.edu.cu\/calidad\/nacionales\/","title":{"rendered":"Nacionales"},"content":{"rendered":"<p><strong>SISTEMA DE EVALUACI\u00d3N Y ACREDITACI\u00d3N:<\/strong><\/p>\n<p><a href=\"http:\/\/observatorios.uo.edu.cu\/calidad\/wp-content\/uploads\/sites\/5\/2017\/06\/Sistema-de-Evaluaci\u00f3n-y-Acreditaci\u00f2n.pdf\">Sistema de evaluaci\u00f3n y Acreditaci\u00f3n <\/a><\/p>\n<p><strong>SISTEMA DE EVALUACI\u00d3N Y ACREDITACI\u00d3N IES (SEA-IES):<\/strong><\/p>\n<p><a href=\"http:\/\/observatorios.uo.edu.cu\/calidad\/wp-content\/uploads\/sites\/5\/2017\/02\/Compendio-de-instrumentos-IES.pdf\">Compendio de instrumentos IES<\/a><\/p>\n<p><a href=\"http:\/\/observatorios.uo.edu.cu\/calidad\/wp-content\/uploads\/sites\/5\/2017\/06\/SEA-IES-con-notas-de-la-RM-62-del-2016-1.pdf\">SEA-IES con notas de la RM 62 del 2016<\/a><\/p>\n<p><a href=\"http:\/\/observatorios.uo.edu.cu\/calidad\/wp-content\/uploads\/sites\/5\/2017\/06\/SEA-IES-modelos-incorporados-mayo-29.pdf\">SEA-IES modelos incorporados mayo 29 &#8211; 2017<\/a><\/p>\n<p><a href=\"http:\/\/observatorios.uo.edu.cu\/calidad\/wp-content\/uploads\/sites\/5\/2017\/06\/GU\u00cdA-DE-EVALUACI\u00d3N-DE-INSTITUCIONES-DE-EDUCACI\u00d3N-SUPERIOR-I.pdf\">Gu\u00eda de Evaluaci\u00f3n de Instituciones de Educaci\u00f3n Superior <\/a><\/p>\n<p><a href=\"http:\/\/observatorios.uo.edu.cu\/calidad\/wp-content\/uploads\/sites\/5\/2017\/06\/MANUAL-DE-IMPLEMENTACI\u00d3N-Ev-IES.pdf\">Manual de Implementaci\u00f3n Ev IES<\/a><\/p>\n<p><strong>SISTEMA DE EVALUACI\u00d3N Y ACREDITACI\u00d3N IES (SEA-CU):<\/strong><\/p>\n<p><a href=\"http:\/\/observatorios.uo.edu.cu\/calidad\/wp-content\/uploads\/sites\/5\/2017\/06\/SEA-CU-presentaci\u00f3in.pdf\">SEA-CU<\/a><\/p>\n<p><strong>SISTEMA DE EVALUACI\u00d3N Y ACREDITACI\u00d3N IES (SEA-M y E):<\/strong><\/p>\n<p><a href=\"http:\/\/observatorios.uo.edu.cu\/calidad\/wp-content\/uploads\/sites\/5\/2017\/06\/SEA-M-VERSI\u00d3N-FINAL.pdf\">SEA-M <\/a><\/p>\n<p><a href=\"http:\/\/observatorios.uo.edu.cu\/calidad\/wp-content\/uploads\/sites\/5\/2017\/06\/SEA-EP-.pdf\">SEA-EP<\/a><\/p>\n<p><strong>SISTEMA DE EVALUACI\u00d3N Y ACREDITACI\u00d3N IES (SEA-DR):<\/strong><\/p>\n<p><a href=\"http:\/\/observatorios.uo.edu.cu\/calidad\/wp-content\/uploads\/sites\/5\/2017\/06\/SEA-DR.pdf\">SEA-DR<\/a><\/p>\n<p><a href=\"http:\/\/observatorios.uo.edu.cu\/calidad\/wp-content\/uploads\/sites\/5\/2017\/06\/MANUAL-DE-IMPLEMENTACI\u00d3N-SEA-Dr-2014.pdf\">Manual de Implementaci\u00f3n SEA-Dr 2014<\/a><\/p>\n<p>&nbsp;<\/p>\n<p><strong>Otros:<\/strong><\/p>\n<p><a href=\"http:\/\/observatorios.uo.edu.cu\/calidad\/wp-content\/uploads\/sites\/5\/2017\/06\/NORMATIVAS-PARA-PUBLICAR-2010-.pdf\">Normativas para publicar &#8211; 2010<\/a><\/p>\n","protected":false},"excerpt":{"rendered":"<p>SISTEMA DE EVALUACI\u00d3N Y ACREDITACI\u00d3N: Sistema de evaluaci\u00f3n y Acreditaci\u00f3n SISTEMA DE EVALUACI\u00d3N Y ACREDITACI\u00d3N IES (SEA-IES): Compendio de instrumentos IES SEA-IES con notas de la RM 62 del 2016 SEA-IES modelos incorporados mayo 29 &#8211; 2017 Gu\u00eda de Evaluaci\u00f3n de Instituciones de Educaci\u00f3n Superior Manual de Implementaci\u00f3n Ev IES SISTEMA DE EVALUACI\u00d3N Y ACREDITACI\u00d3N &#8230; <a class=\"read-more\" href=\"https:\/\/observatorios.uo.edu.cu\/calidad\/nacionales\/\">Leer m\u00e1s<\/a><\/p>\n","protected":false},"author":1,"featured_media":0,"parent":0,"menu_order":0,"comment_status":"closed","ping_status":"closed","template":"","meta":{"footnotes":""},"class_list":["post-151","page","type-page","status-publish","hentry"],"rttpg_featured_image_url":null,"rttpg_author":{"display_name":"jorgemesa","author_link":"https:\/\/observatorios.uo.edu.cu\/calidad\/author\/jorgemesa\/"},"rttpg_comment":0,"rttpg_category":null,"rttpg_excerpt":"SISTEMA DE EVALUACI\u00d3N Y ACREDITACI\u00d3N: Sistema de evaluaci\u00f3n y Acreditaci\u00f3n SISTEMA DE EVALUACI\u00d3N Y ACREDITACI\u00d3N IES (SEA-IES): Compendio de instrumentos IES SEA-IES con notas de la RM 62 del 2016 SEA-IES modelos incorporados mayo 29 &#8211; 2017 Gu\u00eda de Evaluaci\u00f3n de Instituciones de Educaci\u00f3n Superior Manual de Implementaci\u00f3n Ev IES SISTEMA DE EVALUACI\u00d3N Y ACREDITACI\u00d3N&hellip;","_links":{"self":[{"href":"https:\/\/observatorios.uo.edu.cu\/calidad\/wp-json\/wp\/v2\/pages\/151","targetHints":{"allow":["GET"]}}],"collection":[{"href":"https:\/\/observatorios.uo.edu.cu\/calidad\/wp-json\/wp\/v2\/pages"}],"about":[{"href":"https:\/\/observatorios.uo.edu.cu\/calidad\/wp-json\/wp\/v2\/types\/page"}],"author":[{"embeddable":true,"href":"https:\/\/observatorios.uo.edu.cu\/calidad\/wp-json\/wp\/v2\/users\/1"}],"replies":[{"embeddable":true,"href":"https:\/\/observatorios.uo.edu.cu\/calidad\/wp-json\/wp\/v2\/comments?post=151"}],"version-history":[{"count":39,"href":"https:\/\/observatorios.uo.edu.cu\/calidad\/wp-json\/wp\/v2\/pages\/151\/revisions"}],"predecessor-version":[{"id":370,"href":"https:\/\/observatorios.uo.edu.cu\/calidad\/wp-json\/wp\/v2\/pages\/151\/revisions\/370"}],"wp:attachment":[{"href":"https:\/\/observatorios.uo.edu.cu\/calidad\/wp-json\/wp\/v2\/media?parent=151"}],"curies":[{"name":"wp","href":"https:\/\/api.w.org\/{rel}","templated":true}]}}