{"id":165,"date":"2017-06-05T14:52:52","date_gmt":"2017-06-05T14:52:52","guid":{"rendered":"http:\/\/observatorios.uo.edu.cu\/calidad\/?page_id=165"},"modified":"2018-01-11T14:59:09","modified_gmt":"2018-01-11T14:59:09","slug":"sistema-de-acreditacion-y-evaluacion-de-la-educacion-superior-en-america-latina-y-el-caribe","status":"publish","type":"page","link":"https:\/\/observatorios.uo.edu.cu\/calidad\/sistema-de-acreditacion-y-evaluacion-de-la-educacion-superior-en-america-latina-y-el-caribe\/","title":{"rendered":"Sistema de acreditaci\u00f3n y evaluaci\u00f3n de la educaci\u00f3n superior en Am\u00e9rica Latina y el caribe"},"content":{"rendered":"<p><a href=\"http:\/\/observatorios.uo.edu.cu\/calidad\/wp-content\/uploads\/sites\/5\/2017\/02\/Bar\u00f3metro-CNA-1.pdf\">B<\/a><a href=\"http:\/\/observatorios.uo.edu.cu\/calidad\/wp-content\/uploads\/sites\/5\/2017\/02\/Bar\u00f3metro-CNA-1.pdf\">AR\u00d3METRO DEL ASEGURAMIENTO DE LA CALIDAD DE LA EDUCACI\u00d3N SUPERIOR EN CHILE<\/a><\/p>\n","protected":false},"excerpt":{"rendered":"<p>BAR\u00d3METRO DEL ASEGURAMIENTO DE LA CALIDAD DE LA EDUCACI\u00d3N SUPERIOR EN CHILE<\/p>\n","protected":false},"author":1,"featured_media":0,"parent":0,"menu_order":0,"comment_status":"closed","ping_status":"closed","template":"","meta":{"footnotes":""},"class_list":["post-165","page","type-page","status-publish","hentry"],"rttpg_featured_image_url":null,"rttpg_author":{"display_name":"jorgemesa","author_link":"https:\/\/observatorios.uo.edu.cu\/calidad\/author\/jorgemesa\/"},"rttpg_comment":0,"rttpg_category":null,"rttpg_excerpt":"BAR\u00d3METRO DEL ASEGURAMIENTO DE LA CALIDAD DE LA EDUCACI\u00d3N SUPERIOR EN CHILE","_links":{"self":[{"href":"https:\/\/observatorios.uo.edu.cu\/calidad\/wp-json\/wp\/v2\/pages\/165","targetHints":{"allow":["GET"]}}],"collection":[{"href":"https:\/\/observatorios.uo.edu.cu\/calidad\/wp-json\/wp\/v2\/pages"}],"about":[{"href":"https:\/\/observatorios.uo.edu.cu\/calidad\/wp-json\/wp\/v2\/types\/page"}],"author":[{"embeddable":true,"href":"https:\/\/observatorios.uo.edu.cu\/calidad\/wp-json\/wp\/v2\/users\/1"}],"replies":[{"embeddable":true,"href":"https:\/\/observatorios.uo.edu.cu\/calidad\/wp-json\/wp\/v2\/comments?post=165"}],"version-history":[{"count":2,"href":"https:\/\/observatorios.uo.edu.cu\/calidad\/wp-json\/wp\/v2\/pages\/165\/revisions"}],"predecessor-version":[{"id":383,"href":"https:\/\/observatorios.uo.edu.cu\/calidad\/wp-json\/wp\/v2\/pages\/165\/revisions\/383"}],"wp:attachment":[{"href":"https:\/\/observatorios.uo.edu.cu\/calidad\/wp-json\/wp\/v2\/media?parent=165"}],"curies":[{"name":"wp","href":"https:\/\/api.w.org\/{rel}","templated":true}]}}