{"id":59,"date":"2017-02-17T18:21:40","date_gmt":"2017-02-17T18:21:40","guid":{"rendered":"http:\/\/observatorios.uo.edu.cu\/calidad\/?page_id=59"},"modified":"2024-11-11T14:56:14","modified_gmt":"2024-11-11T14:56:14","slug":"inicio","status":"publish","type":"page","link":"https:\/\/observatorios.uo.edu.cu\/calidad\/","title":{"rendered":""},"content":{"rendered":"<p style=\"text-align: center\"><img decoding=\"async\" class=\"alignnone size-medium wp-image-264\" src=\"http:\/\/observatorios.uo.edu.cu\/calidad\/wp-content\/uploads\/sites\/5\/2017\/02\/cales-300x79.png\" alt=\"cales\" width=\"300\" height=\"79\" srcset=\"https:\/\/observatorios.uo.edu.cu\/calidad\/wp-content\/uploads\/sites\/5\/2017\/02\/cales-300x79.png 300w, https:\/\/observatorios.uo.edu.cu\/calidad\/wp-content\/uploads\/sites\/5\/2017\/02\/cales.png 536w\" sizes=\"(max-width: 300px) 100vw, 300px\" \/><\/p>\n<p style=\"text-align: center\">\u00a8El tema de la calidad ocupa un lugar prioritario en los procesos de transformaci\u00f3n universitaria, y forma parte del llamado \u201cnuevo ethos acad\u00e9mico\u201d, que incluye las preocupaciones por la calidad, la pertinencia, la gesti\u00f3n eficaz y transparente, la fidelidad a las misiones substanciales de la Universidad, la dimensi\u00f3n internacional del quehacer universitario y el ejercicio de una autonom\u00eda responsable. Preocupaciones, que a su vez, dan lugar a las llamadas \u201cnuevas culturas\u201d. Se afirma que en la actualidad la evaluaci\u00f3n de la calidad es el eje de las pol\u00edticas de educaci\u00f3n superior\u00a8 (Carlos T\u00fcnnermann Bernheim)<\/p>\n<p style=\"text-align: justify\">El Observatorio de Gesti\u00f3n de la Calidad: <strong>CALES<\/strong> de la Universidad de Oriente constituye una herramienta concebida por el Grupo de Calidad para toda la comunidad universitaria, tiene como recurso la gesti\u00f3n de la informaci\u00f3n y el conocimiento; y como aspiraci\u00f3n la mejora continua de los procesos universitarios.<\/p>\n<p style=\"text-align: justify\"><strong>\u00a0Objetivo general<\/strong><\/p>\n<ul style=\"text-align: justify\">\n<li>Favorecer los procesos de gesti\u00f3n de la calidad de las diferentes instancias y procesos universitarios a partir de la consolidaci\u00f3n de la cultura de la calidad en la Universidad de Oriente.<\/li>\n<\/ul>\n<p style=\"text-align: justify\"><strong>Objetivos espec\u00edficos<\/strong><\/p>\n<ul style=\"text-align: justify\">\n<li>Generar y socializar un sistema de informaci\u00f3n y gesti\u00f3n del conocimiento basado en banco de datos, informaciones, estudios, monitoreos de tendencias, etc,\u00a0 asociados a la gesti\u00f3n de la calidad de la Educaci\u00f3n Superior Cubana.<\/li>\n<li>Apoyar la toma de decisiones en cuanto a la planificaci\u00f3n estrat\u00e9gica de la instituci\u00f3n.<\/li>\n<li>Participar en la elaboraci\u00f3n de estrategias, pol\u00edticas y programas conducentes a la mejora continua de los procesos.<\/li>\n<li>Monitorear informaci\u00f3n asociada a la calidad de la Educaci\u00f3n Superior y sus paradigmas en los escenarios nacionales e internacionales.<\/li>\n<li>Identificar los expertos en las tem\u00e1ticas definidas tanto en Cuba como en el extranjero.<\/li>\n<\/ul>\n<p style=\"text-align: justify\"><strong>Misi\u00f3n<\/strong><\/p>\n<ul>\n<li style=\"text-align: justify\">Coadyuvar a la elevaci\u00f3n de los est\u00e1ndares de calidad de los procesos orientados a la preservaci\u00f3n, desarrollo y promoci\u00f3n de la cultura desde la Universidad de Oriente.<\/li>\n<\/ul>\n<p><strong>Servicios<\/strong><\/p>\n<p><img fetchpriority=\"high\" decoding=\"async\" class=\" wp-image-274 aligncenter\" src=\"http:\/\/observatorios.uo.edu.cu\/calidad\/wp-content\/uploads\/sites\/5\/2017\/02\/prueba-1-300x228.png\" alt=\"prueba 1\" width=\"358\" height=\"272\" srcset=\"https:\/\/observatorios.uo.edu.cu\/calidad\/wp-content\/uploads\/sites\/5\/2017\/02\/prueba-1-300x228.png 300w, https:\/\/observatorios.uo.edu.cu\/calidad\/wp-content\/uploads\/sites\/5\/2017\/02\/prueba-1-768x583.png 768w, https:\/\/observatorios.uo.edu.cu\/calidad\/wp-content\/uploads\/sites\/5\/2017\/02\/prueba-1-1024x777.png 1024w, https:\/\/observatorios.uo.edu.cu\/calidad\/wp-content\/uploads\/sites\/5\/2017\/02\/prueba-1.png 1502w\" sizes=\"(max-width: 358px) 100vw, 358px\" \/><\/p>\n<p><img decoding=\"async\" class=\" wp-image-273 aligncenter\" src=\"http:\/\/observatorios.uo.edu.cu\/calidad\/wp-content\/uploads\/sites\/5\/2017\/02\/prueba-2-300x227.png\" alt=\"prueba 2\" width=\"360\" height=\"273\" srcset=\"https:\/\/observatorios.uo.edu.cu\/calidad\/wp-content\/uploads\/sites\/5\/2017\/02\/prueba-2-300x227.png 300w, https:\/\/observatorios.uo.edu.cu\/calidad\/wp-content\/uploads\/sites\/5\/2017\/02\/prueba-2-768x580.png 768w, https:\/\/observatorios.uo.edu.cu\/calidad\/wp-content\/uploads\/sites\/5\/2017\/02\/prueba-2-1024x774.png 1024w, https:\/\/observatorios.uo.edu.cu\/calidad\/wp-content\/uploads\/sites\/5\/2017\/02\/prueba-2.png 1511w\" sizes=\"(max-width: 360px) 100vw, 360px\" \/><\/p>\n<ul>\n<li><strong>L\u00ednea general de investigaci\u00f3n u observaci\u00f3n del centro a la que se adscribe:<\/strong><\/li>\n<\/ul>\n<p style=\"text-align: justify\">Gesti\u00f3n de los procesos educativos universitarios.<\/p>\n<p style=\"text-align: justify\"><strong>Ventajas de l<\/strong><strong>a plataforma <\/strong><\/p>\n<ul>\n<li style=\"text-align: justify\">Disponibilidad de informaci\u00f3n colectada y decantada sobre la gesti\u00f3n de la calidad de la Educaci\u00f3n Superior: instrumentos, pol\u00edticas, estrategias, experiencias y resultados cient\u00edficos.<\/li>\n<li style=\"text-align: justify\">Fortalecimiento de la cultura de gesti\u00f3n de la calidad para el desarrollo de la competitividad institucional.<\/li>\n<li style=\"text-align: justify\">Intercambio, asesor\u00eda y retroalimentaci\u00f3n para la soluci\u00f3n de problemas en torno a dicha gesti\u00f3n<strong>.\u00a0 <\/strong><\/li>\n<\/ul>\n","protected":false},"excerpt":{"rendered":"<p>\u00a8El tema de la calidad ocupa un lugar prioritario en los procesos de transformaci\u00f3n universitaria, y forma parte del llamado \u201cnuevo ethos acad\u00e9mico\u201d, que incluye las preocupaciones por la calidad, la pertinencia, la gesti\u00f3n eficaz y transparente, la fidelidad a las misiones substanciales de la Universidad, la dimensi\u00f3n internacional del quehacer universitario y el ejercicio &#8230; <a class=\"read-more\" href=\"https:\/\/observatorios.uo.edu.cu\/calidad\/\">Leer m\u00e1s<\/a><\/p>\n","protected":false},"author":5,"featured_media":0,"parent":0,"menu_order":0,"comment_status":"closed","ping_status":"closed","template":"","meta":{"footnotes":""},"class_list":["post-59","page","type-page","status-publish","hentry"],"rttpg_featured_image_url":null,"rttpg_author":{"display_name":"calidad","author_link":"https:\/\/observatorios.uo.edu.cu\/calidad\/author\/calidad\/"},"rttpg_comment":0,"rttpg_category":null,"rttpg_excerpt":"\u00a8El tema de la calidad ocupa un lugar prioritario en los procesos de transformaci\u00f3n universitaria, y forma parte del llamado \u201cnuevo ethos acad\u00e9mico\u201d, que incluye las preocupaciones por la calidad, la pertinencia, la gesti\u00f3n eficaz y transparente, la fidelidad a las misiones substanciales de la Universidad, la dimensi\u00f3n internacional del quehacer universitario y el ejercicio&hellip;","_links":{"self":[{"href":"https:\/\/observatorios.uo.edu.cu\/calidad\/wp-json\/wp\/v2\/pages\/59","targetHints":{"allow":["GET"]}}],"collection":[{"href":"https:\/\/observatorios.uo.edu.cu\/calidad\/wp-json\/wp\/v2\/pages"}],"about":[{"href":"https:\/\/observatorios.uo.edu.cu\/calidad\/wp-json\/wp\/v2\/types\/page"}],"author":[{"embeddable":true,"href":"https:\/\/observatorios.uo.edu.cu\/calidad\/wp-json\/wp\/v2\/users\/5"}],"replies":[{"embeddable":true,"href":"https:\/\/observatorios.uo.edu.cu\/calidad\/wp-json\/wp\/v2\/comments?post=59"}],"version-history":[{"count":10,"href":"https:\/\/observatorios.uo.edu.cu\/calidad\/wp-json\/wp\/v2\/pages\/59\/revisions"}],"predecessor-version":[{"id":441,"href":"https:\/\/observatorios.uo.edu.cu\/calidad\/wp-json\/wp\/v2\/pages\/59\/revisions\/441"}],"wp:attachment":[{"href":"https:\/\/observatorios.uo.edu.cu\/calidad\/wp-json\/wp\/v2\/media?parent=59"}],"curies":[{"name":"wp","href":"https:\/\/api.w.org\/{rel}","templated":true}]}}