{"id":90,"date":"2017-02-17T21:30:39","date_gmt":"2017-02-17T21:30:39","guid":{"rendered":"http:\/\/observatorios.uo.edu.cu\/calidad\/?page_id=90"},"modified":"2018-05-08T20:00:08","modified_gmt":"2018-05-08T20:00:08","slug":"practicas-y-tendencias-uo","status":"publish","type":"page","link":"https:\/\/observatorios.uo.edu.cu\/calidad\/practicas-y-tendencias-uo\/","title":{"rendered":"Pr\u00e1cticas y tendencias UO"},"content":{"rendered":"<p style=\"text-align: center\"><strong>UNIVERSIDAD DE ORIENTE<\/strong><\/p>\n<p style=\"text-align: center\"><a href=\"http:\/\/observatorios.uo.edu.cu\/calidad\/wp-content\/uploads\/sites\/5\/2017\/02\/Presnetaci\u00f3n-principal-del-Taller-de-gesti\u00f3n-de-calidad-de-Doctorado.ppt\">Presentaci\u00f3n principal del Taller de gesti\u00f3n de calidad de Doctorado<\/a><\/p>\n<p style=\"text-align: center\"><a href=\"http:\/\/observatorios.uo.edu.cu\/calidad\/wp-content\/uploads\/sites\/5\/2017\/02\/ExpAcreditaci\u00f3nDoctoradoCienciasJur\u00eddicas.pptx\">Experiencia de Acreditaci\u00f3n Doctorado Ciencias Jur\u00eddicas<\/a><\/p>\n<p style=\"text-align: center\"><a href=\"http:\/\/observatorios.uo.edu.cu\/calidad\/wp-content\/uploads\/sites\/5\/2017\/02\/Precisiones-acerca-del-ProcesoFormaci\u00f3nDoctoral-2018.ppt\">Precisiones acerca del Proceso Formaci\u00f3n Doctoral 2018<\/a><\/p>\n<p style=\"text-align: center\">\n<p style=\"text-align: center\">\n<p style=\"text-align: center\"><strong>Tablas de comportamiento (2017)<\/strong><\/p>\n<p style=\"text-align: center\"><strong>CARRERAS<\/strong><\/p>\n<p>&nbsp;<\/p>\n<p><img fetchpriority=\"high\" decoding=\"async\" class=\"wp-image-348 aligncenter\" src=\"http:\/\/observatorios.uo.edu.cu\/calidad\/wp-content\/uploads\/sites\/5\/2017\/02\/Carreras-Acreditadas-300x253.png\" alt=\"Carreras Acreditadas\" width=\"431\" height=\"363\" srcset=\"https:\/\/observatorios.uo.edu.cu\/calidad\/wp-content\/uploads\/sites\/5\/2017\/02\/Carreras-Acreditadas-300x253.png 300w, https:\/\/observatorios.uo.edu.cu\/calidad\/wp-content\/uploads\/sites\/5\/2017\/02\/Carreras-Acreditadas.png 750w\" sizes=\"(max-width: 431px) 100vw, 431px\" \/><\/p>\n<p><img decoding=\"async\" class=\"wp-image-349 aligncenter\" src=\"http:\/\/observatorios.uo.edu.cu\/calidad\/wp-content\/uploads\/sites\/5\/2017\/02\/Acreditadas-vs-Excelencias-300x180.png\" alt=\"Acreditadas vs Excelencias\" width=\"455\" height=\"273\" srcset=\"https:\/\/observatorios.uo.edu.cu\/calidad\/wp-content\/uploads\/sites\/5\/2017\/02\/Acreditadas-vs-Excelencias-300x180.png 300w, https:\/\/observatorios.uo.edu.cu\/calidad\/wp-content\/uploads\/sites\/5\/2017\/02\/Acreditadas-vs-Excelencias.png 750w\" sizes=\"(max-width: 455px) 100vw, 455px\" \/><\/p>\n<p><img decoding=\"async\" class=\"wp-image-351 aligncenter\" src=\"http:\/\/observatorios.uo.edu.cu\/calidad\/wp-content\/uploads\/sites\/5\/2017\/02\/relaci\u00f3n-300x221.png\" alt=\"relaci\u00f3n\" width=\"406\" height=\"299\" srcset=\"https:\/\/observatorios.uo.edu.cu\/calidad\/wp-content\/uploads\/sites\/5\/2017\/02\/relaci\u00f3n-300x221.png 300w, https:\/\/observatorios.uo.edu.cu\/calidad\/wp-content\/uploads\/sites\/5\/2017\/02\/relaci\u00f3n-768x566.png 768w, https:\/\/observatorios.uo.edu.cu\/calidad\/wp-content\/uploads\/sites\/5\/2017\/02\/relaci\u00f3n.png 850w\" sizes=\"(max-width: 406px) 100vw, 406px\" \/><\/p>\n<p><img loading=\"lazy\" decoding=\"async\" class=\"wp-image-352 aligncenter\" src=\"http:\/\/observatorios.uo.edu.cu\/calidad\/wp-content\/uploads\/sites\/5\/2017\/02\/unnamed-file-300x148.png\" alt=\"%\" width=\"470\" height=\"232\" srcset=\"https:\/\/observatorios.uo.edu.cu\/calidad\/wp-content\/uploads\/sites\/5\/2017\/02\/unnamed-file-300x148.png 300w, https:\/\/observatorios.uo.edu.cu\/calidad\/wp-content\/uploads\/sites\/5\/2017\/02\/unnamed-file-768x380.png 768w, https:\/\/observatorios.uo.edu.cu\/calidad\/wp-content\/uploads\/sites\/5\/2017\/02\/unnamed-file.png 908w\" sizes=\"(max-width: 470px) 100vw, 470px\" \/><\/p>\n<p style=\"text-align: center\"><strong>MAESTR\u00cdAS Y ESPECIALIDADES<\/strong><\/p>\n<p>&nbsp;<\/p>\n<p><img loading=\"lazy\" decoding=\"async\" class=\"wp-image-353 aligncenter\" src=\"http:\/\/observatorios.uo.edu.cu\/calidad\/wp-content\/uploads\/sites\/5\/2017\/02\/Maestr\u00edas-Acreditadas-x-Excelencias-300x192.png\" alt=\"Maestr\u00edas Acreditadas x Excelencias\" width=\"463\" height=\"296\" srcset=\"https:\/\/observatorios.uo.edu.cu\/calidad\/wp-content\/uploads\/sites\/5\/2017\/02\/Maestr\u00edas-Acreditadas-x-Excelencias-300x192.png 300w, https:\/\/observatorios.uo.edu.cu\/calidad\/wp-content\/uploads\/sites\/5\/2017\/02\/Maestr\u00edas-Acreditadas-x-Excelencias.png 750w\" sizes=\"(max-width: 463px) 100vw, 463px\" \/><\/p>\n<p><img loading=\"lazy\" decoding=\"async\" class=\"wp-image-354 aligncenter\" src=\"http:\/\/observatorios.uo.edu.cu\/calidad\/wp-content\/uploads\/sites\/5\/2017\/02\/Acreditadas-del-total-de-maestr\u00edas-300x195.png\" alt=\"Acreditadas del total de maestr\u00edas\" width=\"462\" height=\"300\" srcset=\"https:\/\/observatorios.uo.edu.cu\/calidad\/wp-content\/uploads\/sites\/5\/2017\/02\/Acreditadas-del-total-de-maestr\u00edas-300x195.png 300w, https:\/\/observatorios.uo.edu.cu\/calidad\/wp-content\/uploads\/sites\/5\/2017\/02\/Acreditadas-del-total-de-maestr\u00edas.png 750w\" sizes=\"(max-width: 462px) 100vw, 462px\" \/><\/p>\n<p><img loading=\"lazy\" decoding=\"async\" class=\"wp-image-355 aligncenter\" src=\"http:\/\/observatorios.uo.edu.cu\/calidad\/wp-content\/uploads\/sites\/5\/2017\/02\/Maestr\u00edas-Acreditadas-x-Categor\u00edas-300x226.png\" alt=\"Maestr\u00edas Acreditadas x Categor\u00edas\" width=\"435\" height=\"328\" srcset=\"https:\/\/observatorios.uo.edu.cu\/calidad\/wp-content\/uploads\/sites\/5\/2017\/02\/Maestr\u00edas-Acreditadas-x-Categor\u00edas-300x226.png 300w, https:\/\/observatorios.uo.edu.cu\/calidad\/wp-content\/uploads\/sites\/5\/2017\/02\/Maestr\u00edas-Acreditadas-x-Categor\u00edas.png 696w\" sizes=\"(max-width: 435px) 100vw, 435px\" \/><img loading=\"lazy\" decoding=\"async\" class=\"wp-image-356 aligncenter\" src=\"http:\/\/observatorios.uo.edu.cu\/calidad\/wp-content\/uploads\/sites\/5\/2017\/02\/Calidad-de-Maestr\u00edas-Acreditadas-300x183.png\" alt=\"Calidad de Maestr\u00edas Acreditadas\" width=\"423\" height=\"258\" srcset=\"https:\/\/observatorios.uo.edu.cu\/calidad\/wp-content\/uploads\/sites\/5\/2017\/02\/Calidad-de-Maestr\u00edas-Acreditadas-300x183.png 300w, https:\/\/observatorios.uo.edu.cu\/calidad\/wp-content\/uploads\/sites\/5\/2017\/02\/Calidad-de-Maestr\u00edas-Acreditadas.png 750w\" sizes=\"(max-width: 423px) 100vw, 423px\" \/><\/p>\n<p>&nbsp;<\/p>\n<p>&nbsp;<\/p>\n<p>&nbsp;<\/p>\n","protected":false},"excerpt":{"rendered":"<p>UNIVERSIDAD DE ORIENTE Presentaci\u00f3n principal del Taller de gesti\u00f3n de calidad de Doctorado Experiencia de Acreditaci\u00f3n Doctorado Ciencias Jur\u00eddicas Precisiones acerca del Proceso Formaci\u00f3n Doctoral 2018 Tablas de comportamiento (2017) CARRERAS &nbsp; MAESTR\u00cdAS Y ESPECIALIDADES &nbsp; &nbsp; &nbsp; &nbsp;<\/p>\n","protected":false},"author":5,"featured_media":0,"parent":0,"menu_order":0,"comment_status":"closed","ping_status":"closed","template":"","meta":{"footnotes":""},"class_list":["post-90","page","type-page","status-publish","hentry"],"rttpg_featured_image_url":null,"rttpg_author":{"display_name":"calidad","author_link":"https:\/\/observatorios.uo.edu.cu\/calidad\/author\/calidad\/"},"rttpg_comment":0,"rttpg_category":null,"rttpg_excerpt":"UNIVERSIDAD DE ORIENTE Presentaci\u00f3n principal del Taller de gesti\u00f3n de calidad de Doctorado Experiencia de Acreditaci\u00f3n Doctorado Ciencias Jur\u00eddicas Precisiones acerca del Proceso Formaci\u00f3n Doctoral 2018 Tablas de comportamiento (2017) CARRERAS &nbsp; MAESTR\u00cdAS Y ESPECIALIDADES &nbsp; &nbsp; &nbsp; &nbsp;","_links":{"self":[{"href":"https:\/\/observatorios.uo.edu.cu\/calidad\/wp-json\/wp\/v2\/pages\/90","targetHints":{"allow":["GET"]}}],"collection":[{"href":"https:\/\/observatorios.uo.edu.cu\/calidad\/wp-json\/wp\/v2\/pages"}],"about":[{"href":"https:\/\/observatorios.uo.edu.cu\/calidad\/wp-json\/wp\/v2\/types\/page"}],"author":[{"embeddable":true,"href":"https:\/\/observatorios.uo.edu.cu\/calidad\/wp-json\/wp\/v2\/users\/5"}],"replies":[{"embeddable":true,"href":"https:\/\/observatorios.uo.edu.cu\/calidad\/wp-json\/wp\/v2\/comments?post=90"}],"version-history":[{"count":12,"href":"https:\/\/observatorios.uo.edu.cu\/calidad\/wp-json\/wp\/v2\/pages\/90\/revisions"}],"predecessor-version":[{"id":430,"href":"https:\/\/observatorios.uo.edu.cu\/calidad\/wp-json\/wp\/v2\/pages\/90\/revisions\/430"}],"wp:attachment":[{"href":"https:\/\/observatorios.uo.edu.cu\/calidad\/wp-json\/wp\/v2\/media?parent=90"}],"curies":[{"name":"wp","href":"https:\/\/api.w.org\/{rel}","templated":true}]}}