{"id":3053,"date":"2022-06-06T22:17:29","date_gmt":"2022-06-06T22:17:29","guid":{"rendered":"https:\/\/observatorios.uo.edu.cu\/ceciencias\/?page_id=3053"},"modified":"2024-06-03T19:56:29","modified_gmt":"2024-06-03T19:56:29","slug":"proyectos","status":"publish","type":"page","link":"https:\/\/observatorios.uo.edu.cu\/ceciencias\/proyectos\/","title":{"rendered":"Proyecto Gesti\u00f3n cient\u00edfica &#8230;"},"content":{"rendered":"<p>Proyecto Gesti\u00f3n cient\u00edfica y de ense\u00f1anza \u2013 aprendizaje en el IPVCE<br \/>Coordinador: Carlos Manuel Hern\u00e1ndez Hechavarr\u00eda.<br \/>Correo electr\u00f3nico: <a href=\"mailto:carlosmhh@uo.edu.cu\" target=\"_blank\" rel=\"noopener\">carlosmhh@uo.edu.cu<\/a><\/p>\n<ul>\n<li><a href=\"https:\/\/drive.google.com\/file\/d\/1aUY3JiBW7ClpLbNm4rIi6-xSCip_RZHv\/view?usp=share_link\" target=\"_blank\" rel=\"noopener\">Fragmentos del Informe de Resultados<\/a><\/li>\n<\/ul>\n\n<h4><a href=\"https:\/\/observatorios.uo.edu.cu\/ceciencias\/2024\/04\/03\/curso-gestion-cientifica-en-los-ipvce-desde-el-observatorio-ceciencias\/\" target=\"_blank\" rel=\"noopener\">Curso: Gesti\u00f3n cient\u00edfica en los IPVCE desde el Observatorio CECiencias<\/a><\/h4>\n\n\n<p><\/p>\n\n\n\n<figure class=\"wp-block-image size-full\"><img fetchpriority=\"high\" decoding=\"async\" width=\"659\" height=\"396\" src=\"https:\/\/observatorios.uo.edu.cu\/ceciencias\/wp-content\/uploads\/sites\/2\/2023\/02\/Evidencia-01-1.jpg\" alt=\"\" class=\"wp-image-3727\" srcset=\"https:\/\/observatorios.uo.edu.cu\/ceciencias\/wp-content\/uploads\/sites\/2\/2023\/02\/Evidencia-01-1.jpg 659w, https:\/\/observatorios.uo.edu.cu\/ceciencias\/wp-content\/uploads\/sites\/2\/2023\/02\/Evidencia-01-1-300x180.jpg 300w\" sizes=\"(max-width: 659px) 100vw, 659px\" \/><figcaption class=\"wp-element-caption\"><gwmw style=\"display:none;\"><\/gwmw><gwmw style=\"display:none;\"><\/gwmw><\/figcaption><\/figure>\n\n\n\n<figure class=\"wp-block-image size-large\"><img decoding=\"async\" width=\"1024\" height=\"579\" src=\"https:\/\/observatorios.uo.edu.cu\/ceciencias\/wp-content\/uploads\/sites\/2\/2023\/02\/Evidencia-02-1024x579.jpg\" alt=\"\" class=\"wp-image-3731\" srcset=\"https:\/\/observatorios.uo.edu.cu\/ceciencias\/wp-content\/uploads\/sites\/2\/2023\/02\/Evidencia-02-1024x579.jpg 1024w, https:\/\/observatorios.uo.edu.cu\/ceciencias\/wp-content\/uploads\/sites\/2\/2023\/02\/Evidencia-02-300x170.jpg 300w, https:\/\/observatorios.uo.edu.cu\/ceciencias\/wp-content\/uploads\/sites\/2\/2023\/02\/Evidencia-02-768x434.jpg 768w, https:\/\/observatorios.uo.edu.cu\/ceciencias\/wp-content\/uploads\/sites\/2\/2023\/02\/Evidencia-02.jpg 1099w\" sizes=\"(max-width: 1024px) 100vw, 1024px\" \/><figcaption class=\"wp-element-caption\"><gwmw style=\"display:none;\"><\/gwmw><gwmw style=\"display:none;\"><\/gwmw><\/figcaption><\/figure>\n\n\n\n<figure class=\"wp-block-image size-full\"><img decoding=\"async\" width=\"1015\" height=\"365\" src=\"https:\/\/observatorios.uo.edu.cu\/ceciencias\/wp-content\/uploads\/sites\/2\/2023\/02\/Evidencia-03.jpg\" alt=\"\" class=\"wp-image-3732\" srcset=\"https:\/\/observatorios.uo.edu.cu\/ceciencias\/wp-content\/uploads\/sites\/2\/2023\/02\/Evidencia-03.jpg 1015w, https:\/\/observatorios.uo.edu.cu\/ceciencias\/wp-content\/uploads\/sites\/2\/2023\/02\/Evidencia-03-300x108.jpg 300w, https:\/\/observatorios.uo.edu.cu\/ceciencias\/wp-content\/uploads\/sites\/2\/2023\/02\/Evidencia-03-768x276.jpg 768w\" sizes=\"(max-width: 1015px) 100vw, 1015px\" \/><figcaption class=\"wp-element-caption\"><gwmw style=\"display:none;\"><\/gwmw><gwmw style=\"display:none;\"><\/gwmw><\/figcaption><\/figure>\n\n\n\n<figure class=\"wp-block-image size-large\"><img loading=\"lazy\" decoding=\"async\" width=\"1024\" height=\"332\" src=\"https:\/\/observatorios.uo.edu.cu\/ceciencias\/wp-content\/uploads\/sites\/2\/2023\/02\/Evidencia-04-1024x332.jpg\" alt=\"\" class=\"wp-image-3733\" srcset=\"https:\/\/observatorios.uo.edu.cu\/ceciencias\/wp-content\/uploads\/sites\/2\/2023\/02\/Evidencia-04-1024x332.jpg 1024w, https:\/\/observatorios.uo.edu.cu\/ceciencias\/wp-content\/uploads\/sites\/2\/2023\/02\/Evidencia-04-300x97.jpg 300w, https:\/\/observatorios.uo.edu.cu\/ceciencias\/wp-content\/uploads\/sites\/2\/2023\/02\/Evidencia-04-768x249.jpg 768w, https:\/\/observatorios.uo.edu.cu\/ceciencias\/wp-content\/uploads\/sites\/2\/2023\/02\/Evidencia-04.jpg 1045w\" sizes=\"(max-width: 1024px) 100vw, 1024px\" \/><figcaption class=\"wp-element-caption\"><gwmw style=\"display:none;\"><\/gwmw><gwmw style=\"display:none;\"><\/gwmw><\/figcaption><\/figure>\n\n\n\n<figure class=\"wp-block-image size-full\"><img loading=\"lazy\" decoding=\"async\" width=\"939\" height=\"621\" src=\"https:\/\/observatorios.uo.edu.cu\/ceciencias\/wp-content\/uploads\/sites\/2\/2023\/02\/Evidencia-05.jpg\" alt=\"\" class=\"wp-image-3735\" srcset=\"https:\/\/observatorios.uo.edu.cu\/ceciencias\/wp-content\/uploads\/sites\/2\/2023\/02\/Evidencia-05.jpg 939w, https:\/\/observatorios.uo.edu.cu\/ceciencias\/wp-content\/uploads\/sites\/2\/2023\/02\/Evidencia-05-300x198.jpg 300w, https:\/\/observatorios.uo.edu.cu\/ceciencias\/wp-content\/uploads\/sites\/2\/2023\/02\/Evidencia-05-768x508.jpg 768w\" sizes=\"(max-width: 939px) 100vw, 939px\" \/><figcaption class=\"wp-element-caption\"><gwmw style=\"display:none;\"><\/gwmw><gwmw style=\"display:none;\"><\/gwmw><\/figcaption><\/figure>\n\n\n\n<figure class=\"wp-block-image size-large\"><img loading=\"lazy\" decoding=\"async\" width=\"1024\" height=\"331\" src=\"https:\/\/observatorios.uo.edu.cu\/ceciencias\/wp-content\/uploads\/sites\/2\/2023\/02\/Evidencia-06-1024x331.jpg\" alt=\"\" class=\"wp-image-3737\" srcset=\"https:\/\/observatorios.uo.edu.cu\/ceciencias\/wp-content\/uploads\/sites\/2\/2023\/02\/Evidencia-06-1024x331.jpg 1024w, https:\/\/observatorios.uo.edu.cu\/ceciencias\/wp-content\/uploads\/sites\/2\/2023\/02\/Evidencia-06-300x97.jpg 300w, https:\/\/observatorios.uo.edu.cu\/ceciencias\/wp-content\/uploads\/sites\/2\/2023\/02\/Evidencia-06-768x248.jpg 768w, https:\/\/observatorios.uo.edu.cu\/ceciencias\/wp-content\/uploads\/sites\/2\/2023\/02\/Evidencia-06.jpg 1079w\" sizes=\"(max-width: 1024px) 100vw, 1024px\" \/><figcaption class=\"wp-element-caption\"><gwmw style=\"display:none;\"><\/gwmw><gwmw style=\"display:none;\"><\/gwmw><gwmw style=\"display:none;\"><\/gwmw><\/figcaption><\/figure>\n\n\n\n<figure class=\"wp-block-image size-large\"><img loading=\"lazy\" decoding=\"async\" width=\"1024\" height=\"354\" src=\"https:\/\/observatorios.uo.edu.cu\/ceciencias\/wp-content\/uploads\/sites\/2\/2023\/02\/Evidencia-07-1024x354.jpg\" alt=\"\" class=\"wp-image-3739\" srcset=\"https:\/\/observatorios.uo.edu.cu\/ceciencias\/wp-content\/uploads\/sites\/2\/2023\/02\/Evidencia-07-1024x354.jpg 1024w, https:\/\/observatorios.uo.edu.cu\/ceciencias\/wp-content\/uploads\/sites\/2\/2023\/02\/Evidencia-07-300x104.jpg 300w, https:\/\/observatorios.uo.edu.cu\/ceciencias\/wp-content\/uploads\/sites\/2\/2023\/02\/Evidencia-07-768x266.jpg 768w, https:\/\/observatorios.uo.edu.cu\/ceciencias\/wp-content\/uploads\/sites\/2\/2023\/02\/Evidencia-07.jpg 1089w\" sizes=\"(max-width: 1024px) 100vw, 1024px\" \/><figcaption class=\"wp-element-caption\"><gwmw style=\"display:none;\"><\/gwmw><gwmw style=\"display:none;\"><\/gwmw><\/figcaption><\/figure>\n\n\n\n<figure class=\"wp-block-image size-full\"><img loading=\"lazy\" decoding=\"async\" width=\"971\" height=\"605\" src=\"https:\/\/observatorios.uo.edu.cu\/ceciencias\/wp-content\/uploads\/sites\/2\/2023\/02\/Evidencia-08.jpg\" alt=\"\" class=\"wp-image-3740\" srcset=\"https:\/\/observatorios.uo.edu.cu\/ceciencias\/wp-content\/uploads\/sites\/2\/2023\/02\/Evidencia-08.jpg 971w, https:\/\/observatorios.uo.edu.cu\/ceciencias\/wp-content\/uploads\/sites\/2\/2023\/02\/Evidencia-08-300x187.jpg 300w, https:\/\/observatorios.uo.edu.cu\/ceciencias\/wp-content\/uploads\/sites\/2\/2023\/02\/Evidencia-08-768x479.jpg 768w\" sizes=\"(max-width: 971px) 100vw, 971px\" \/><figcaption class=\"wp-element-caption\"><gwmw style=\"display:none;\"><\/gwmw><gwmw style=\"display:none;\"><\/gwmw><\/figcaption><\/figure>\n\n\n\n<figure class=\"wp-block-image size-large\"><img loading=\"lazy\" decoding=\"async\" width=\"1024\" height=\"311\" src=\"https:\/\/observatorios.uo.edu.cu\/ceciencias\/wp-content\/uploads\/sites\/2\/2023\/02\/Evidencia-09-1024x311.jpg\" alt=\"\" class=\"wp-image-3741\" srcset=\"https:\/\/observatorios.uo.edu.cu\/ceciencias\/wp-content\/uploads\/sites\/2\/2023\/02\/Evidencia-09-1024x311.jpg 1024w, https:\/\/observatorios.uo.edu.cu\/ceciencias\/wp-content\/uploads\/sites\/2\/2023\/02\/Evidencia-09-300x91.jpg 300w, https:\/\/observatorios.uo.edu.cu\/ceciencias\/wp-content\/uploads\/sites\/2\/2023\/02\/Evidencia-09-768x233.jpg 768w, https:\/\/observatorios.uo.edu.cu\/ceciencias\/wp-content\/uploads\/sites\/2\/2023\/02\/Evidencia-09.jpg 1097w\" sizes=\"(max-width: 1024px) 100vw, 1024px\" \/><figcaption class=\"wp-element-caption\"><gwmw style=\"display:none;\"><\/gwmw><gwmw style=\"display:none;\"><\/gwmw><\/figcaption><\/figure>\n\n\n\n<figure class=\"wp-block-image size-full\"><img loading=\"lazy\" decoding=\"async\" width=\"943\" height=\"274\" src=\"https:\/\/observatorios.uo.edu.cu\/ceciencias\/wp-content\/uploads\/sites\/2\/2023\/02\/evidencia-a.jpg\" alt=\"\" class=\"wp-image-3746\" srcset=\"https:\/\/observatorios.uo.edu.cu\/ceciencias\/wp-content\/uploads\/sites\/2\/2023\/02\/evidencia-a.jpg 943w, https:\/\/observatorios.uo.edu.cu\/ceciencias\/wp-content\/uploads\/sites\/2\/2023\/02\/evidencia-a-300x87.jpg 300w, https:\/\/observatorios.uo.edu.cu\/ceciencias\/wp-content\/uploads\/sites\/2\/2023\/02\/evidencia-a-768x223.jpg 768w\" sizes=\"(max-width: 943px) 100vw, 943px\" \/><figcaption class=\"wp-element-caption\"><gwmw style=\"display:none;\"><\/gwmw><gwmw style=\"display:none;\"><\/gwmw><\/figcaption><\/figure>\n\n\n<h4>Cursos impartidos en l\u00ednea:<\/h4>\n<ul>\n<li>Ense\u00f1anza de la Matem\u00e1tica con Geogebra<\/li>\n<li>Implicaciones de la Neurodid\u00e1ctica<\/li>\n<\/ul>\n<p><a href=\"https:\/\/observatorios.uo.edu.cu\/ceciencias\/2023\/01\/09\/cursos-en-linea\/\">ENLACE<\/a><\/p>\n<p><a href=\"https:\/\/observatorios.uo.edu.cu\/ceciencias\/2023\/01\/09\/cursos-en-linea\/\" target=\"_blank\" rel=\"noopener\"><img loading=\"lazy\" decoding=\"async\" class=\"alignnone size-full wp-image-3749\" src=\"http:\/\/observatorios.uo.edu.cu\/ceciencias\/wp-content\/uploads\/sites\/2\/2023\/02\/evidencia-11-1.jpg\" alt=\"\" width=\"614\" height=\"179\" srcset=\"https:\/\/observatorios.uo.edu.cu\/ceciencias\/wp-content\/uploads\/sites\/2\/2023\/02\/evidencia-11-1.jpg 614w, https:\/\/observatorios.uo.edu.cu\/ceciencias\/wp-content\/uploads\/sites\/2\/2023\/02\/evidencia-11-1-300x87.jpg 300w\" sizes=\"(max-width: 614px) 100vw, 614px\" \/><\/a><\/p>","protected":false},"excerpt":{"rendered":"<p>Proyecto Gesti\u00f3n cient\u00edfica y de ense\u00f1anza \u2013 aprendizaje en el IPVCECoordinador: Carlos Manuel Hern\u00e1ndez Hechavarr\u00eda.Correo electr\u00f3nico: carlosmhh@uo.edu.cu Fragmentos del Informe de Resultados Curso: Gesti\u00f3n cient\u00edfica en los IPVCE desde el Observatorio CECiencias Cursos impartidos en l\u00ednea: Ense\u00f1anza de la Matem\u00e1tica con Geogebra Implicaciones de la Neurodid\u00e1ctica ENLACE<\/p>\n","protected":false},"author":32,"featured_media":0,"parent":0,"menu_order":0,"comment_status":"closed","ping_status":"closed","template":"","meta":{"_bbp_topic_count":0,"_bbp_reply_count":0,"_bbp_total_topic_count":0,"_bbp_total_reply_count":0,"_bbp_voice_count":0,"_bbp_anonymous_reply_count":0,"_bbp_topic_count_hidden":0,"_bbp_reply_count_hidden":0,"_bbp_forum_subforum_count":0,"footnotes":""},"class_list":["post-3053","page","type-page","status-publish"],"rttpg_featured_image_url":null,"rttpg_author":{"display_name":"Jos\u00e9 Manuel Izquierdo Lao","author_link":"https:\/\/observatorios.uo.edu.cu\/ceciencias\/author\/jmil\/"},"rttpg_comment":0,"rttpg_category":null,"rttpg_excerpt":"Proyecto Gesti\u00f3n cient\u00edfica y de ense\u00f1anza \u2013 aprendizaje en el IPVCECoordinador: Carlos Manuel Hern\u00e1ndez Hechavarr\u00eda.Correo electr\u00f3nico: carlosmhh@uo.edu.cu Fragmentos del Informe de Resultados Curso: Gesti\u00f3n cient\u00edfica en los IPVCE desde el Observatorio CECiencias Cursos impartidos en l\u00ednea: Ense\u00f1anza de la Matem\u00e1tica con Geogebra Implicaciones de la Neurodid\u00e1ctica ENLACE","_links":{"self":[{"href":"https:\/\/observatorios.uo.edu.cu\/ceciencias\/wp-json\/wp\/v2\/pages\/3053","targetHints":{"allow":["GET"]}}],"collection":[{"href":"https:\/\/observatorios.uo.edu.cu\/ceciencias\/wp-json\/wp\/v2\/pages"}],"about":[{"href":"https:\/\/observatorios.uo.edu.cu\/ceciencias\/wp-json\/wp\/v2\/types\/page"}],"author":[{"embeddable":true,"href":"https:\/\/observatorios.uo.edu.cu\/ceciencias\/wp-json\/wp\/v2\/users\/32"}],"replies":[{"embeddable":true,"href":"https:\/\/observatorios.uo.edu.cu\/ceciencias\/wp-json\/wp\/v2\/comments?post=3053"}],"version-history":[{"count":20,"href":"https:\/\/observatorios.uo.edu.cu\/ceciencias\/wp-json\/wp\/v2\/pages\/3053\/revisions"}],"predecessor-version":[{"id":5049,"href":"https:\/\/observatorios.uo.edu.cu\/ceciencias\/wp-json\/wp\/v2\/pages\/3053\/revisions\/5049"}],"wp:attachment":[{"href":"https:\/\/observatorios.uo.edu.cu\/ceciencias\/wp-json\/wp\/v2\/media?parent=3053"}],"curies":[{"name":"wp","href":"https:\/\/api.w.org\/{rel}","templated":true}]}}