{"id":3065,"date":"2022-06-06T22:24:21","date_gmt":"2022-06-06T22:24:21","guid":{"rendered":"https:\/\/observatorios.uo.edu.cu\/ceciencias\/?page_id=3065"},"modified":"2025-10-14T11:16:17","modified_gmt":"2025-10-14T11:16:17","slug":"documentos","status":"publish","type":"page","link":"https:\/\/observatorios.uo.edu.cu\/ceciencias\/documentos\/","title":{"rendered":"Documentos"},"content":{"rendered":"\n<p><gwmw style=\"display:none;\"><\/gwmw><\/p>\n\n\n<h4><img decoding=\"async\" class=\"alignnone  wp-image-6427\" src=\"http:\/\/observatorios.uo.edu.cu\/ceciencias\/wp-content\/uploads\/sites\/2\/2025\/10\/Icono-Infografia.jpg\" alt=\"\" width=\"87\" height=\"94\" \/>Infograf\u00edas:<br \/><a href=\"https:\/\/observatorios.uo.edu.cu\/ceciencias\/2025\/10\/14\/infografia-metodologia-transdisciplinar-para-la-formacion-holistico-innovadora-en-la-educacion\/\">Metodolog\u00eda transdisciplinar para la formaci\u00f3n hol\u00edstico \u2013 innovadora en la educaci\u00f3n.<\/a><\/h4>\n\n<h4><img decoding=\"async\" class=\"alignnone  wp-image-6437\" src=\"http:\/\/observatorios.uo.edu.cu\/ceciencias\/wp-content\/uploads\/sites\/2\/2025\/10\/Icono-tesis.jpg\" alt=\"\" width=\"81\" height=\"88\" \/>Tesis de doctorado:<br \/><a href=\"http:\/\/observatorios.uo.edu.cu\/ceciencias\/wp-content\/uploads\/sites\/2\/2024\/12\/La-orientacion-didactico-revisora-tutelar-de-textos-escritos-en-Preuniversitario.pdf\" target=\"_blank\" rel=\"noopener\">La orientaci\u00f3n did\u00e1ctico-revisora-tutelar de textos escritos en Preuniversitario<\/a><br \/>Tesis de Maestr\u00eda:<br \/><a href=\"http:\/\/observatorios.uo.edu.cu\/ceciencias\/wp-content\/uploads\/sites\/2\/2024\/12\/La-gestion-de-la-orientacion-profesional-hacia-las-carreras-de-Fisica-.pdf\" target=\"_blank\" rel=\"noopener\">La\u00a0 gesti\u00f3n de la orientaci\u00f3n profesional hacia las carreras de f\u00edsica<\/a><br \/><a href=\"http:\/\/observatorios.uo.edu.cu\/ceciencias\/wp-content\/uploads\/sites\/2\/2024\/12\/Sistemas-de-indicadores-para-identificar-el-estado-potencial-de-la-modelizacion-en-los-estudiantes.pdf\" target=\"_blank\" rel=\"noopener\">Sistema de indicadores para identificar el estado potencial de la modelizaci\u00f3n en los estudiantes<\/a><br \/>Tesis de especialidad:<br \/><a href=\"http:\/\/observatorios.uo.edu.cu\/ceciencias\/wp-content\/uploads\/sites\/2\/2024\/12\/Orientacion-didactica-para-la-comprension-de-problemas-matematicos-con-textos-escritos.pdf\" target=\"_blank\" rel=\"noopener\">Orientaci\u00f3n did\u00e1ctica para la comprensi\u00f3n de problemas matem\u00e1ticos con textos escritos<\/a><br \/>Educaci\u00f3n a Distancia:<br \/><a href=\"https:\/\/observatorios.uo.edu.cu\/ceciencias\/educacion-a-distancia\/\" target=\"_blank\" rel=\"noopener\">Enlace<\/a><\/h4>\n\n\n<p><gwmw style=\"display:none;\"><\/gwmw><\/p>\n","protected":false},"excerpt":{"rendered":"<p>Infograf\u00edas:Metodolog\u00eda transdisciplinar para la formaci\u00f3n hol\u00edstico \u2013 innovadora en la educaci\u00f3n. Tesis de doctorado:La orientaci\u00f3n did\u00e1ctico-revisora-tutelar de textos escritos en PreuniversitarioTesis de Maestr\u00eda:La\u00a0 gesti\u00f3n de la orientaci\u00f3n profesional hacia las carreras de f\u00edsicaSistema de indicadores para identificar el estado potencial de la modelizaci\u00f3n en los estudiantesTesis de especialidad:Orientaci\u00f3n did\u00e1ctica para la comprensi\u00f3n de problemas matem\u00e1ticos &#8230; <a title=\"Documentos\" class=\"read-more\" href=\"https:\/\/observatorios.uo.edu.cu\/ceciencias\/documentos\/\" aria-label=\"Leer m\u00e1s sobre Documentos\">Leer m\u00e1s<\/a><\/p>\n","protected":false},"author":32,"featured_media":0,"parent":0,"menu_order":0,"comment_status":"closed","ping_status":"closed","template":"","meta":{"_bbp_topic_count":0,"_bbp_reply_count":0,"_bbp_total_topic_count":0,"_bbp_total_reply_count":0,"_bbp_voice_count":0,"_bbp_anonymous_reply_count":0,"_bbp_topic_count_hidden":0,"_bbp_reply_count_hidden":0,"_bbp_forum_subforum_count":0,"footnotes":""},"class_list":["post-3065","page","type-page","status-publish"],"rttpg_featured_image_url":null,"rttpg_author":{"display_name":"Jos\u00e9 Manuel Izquierdo Lao","author_link":"https:\/\/observatorios.uo.edu.cu\/ceciencias\/author\/jmil\/"},"rttpg_comment":0,"rttpg_category":null,"rttpg_excerpt":"Infograf\u00edas:Metodolog\u00eda transdisciplinar para la formaci\u00f3n hol\u00edstico \u2013 innovadora en la educaci\u00f3n. Tesis de doctorado:La orientaci\u00f3n did\u00e1ctico-revisora-tutelar de textos escritos en PreuniversitarioTesis de Maestr\u00eda:La\u00a0 gesti\u00f3n de la orientaci\u00f3n profesional hacia las carreras de f\u00edsicaSistema de indicadores para identificar el estado potencial de la modelizaci\u00f3n en los estudiantesTesis de especialidad:Orientaci\u00f3n did\u00e1ctica para la comprensi\u00f3n de problemas matem\u00e1ticos&hellip;","_links":{"self":[{"href":"https:\/\/observatorios.uo.edu.cu\/ceciencias\/wp-json\/wp\/v2\/pages\/3065","targetHints":{"allow":["GET"]}}],"collection":[{"href":"https:\/\/observatorios.uo.edu.cu\/ceciencias\/wp-json\/wp\/v2\/pages"}],"about":[{"href":"https:\/\/observatorios.uo.edu.cu\/ceciencias\/wp-json\/wp\/v2\/types\/page"}],"author":[{"embeddable":true,"href":"https:\/\/observatorios.uo.edu.cu\/ceciencias\/wp-json\/wp\/v2\/users\/32"}],"replies":[{"embeddable":true,"href":"https:\/\/observatorios.uo.edu.cu\/ceciencias\/wp-json\/wp\/v2\/comments?post=3065"}],"version-history":[{"count":27,"href":"https:\/\/observatorios.uo.edu.cu\/ceciencias\/wp-json\/wp\/v2\/pages\/3065\/revisions"}],"predecessor-version":[{"id":6442,"href":"https:\/\/observatorios.uo.edu.cu\/ceciencias\/wp-json\/wp\/v2\/pages\/3065\/revisions\/6442"}],"wp:attachment":[{"href":"https:\/\/observatorios.uo.edu.cu\/ceciencias\/wp-json\/wp\/v2\/media?parent=3065"}],"curies":[{"name":"wp","href":"https:\/\/api.w.org\/{rel}","templated":true}]}}