{"id":3811,"date":"2023-06-30T13:48:19","date_gmt":"2023-06-30T13:48:19","guid":{"rendered":"https:\/\/observatorios.uo.edu.cu\/ceciencias\/?page_id=3811"},"modified":"2025-05-07T11:51:59","modified_gmt":"2025-05-07T11:51:59","slug":"programas-academicos","status":"publish","type":"page","link":"https:\/\/observatorios.uo.edu.cu\/ceciencias\/programas-academicos\/","title":{"rendered":"Postgrado"},"content":{"rendered":"<h5><span style=\"color: #000080;\">Programas acad\u00e9micos del CEPED:<br \/><\/span><br \/><a href=\"https:\/\/observatorios.uo.edu.cu\/ceciencias\/2024\/04\/12\/postdoctorado-gestion-de-ciencia-y-formacion-de-investigadores\/\" target=\"_blank\" rel=\"noopener\">Postdoctorado Gesti\u00f3n de Ciencia y Formaci\u00f3n de Investigadores<\/a><\/h5>\n<hr \/>\n<h5><a href=\"https:\/\/blogs.uo.edu.cu\/doctoradoce\/\" target=\"_blank\" rel=\"noopener\">Doctorado enCiencias de la Educaci\u00f3n<\/a><\/h5>\n<hr \/>\n<h5><a href=\"https:\/\/observatorios.uo.edu.cu\/ceciencias\/2024\/07\/10\/maestria-en-educacion\/\" target=\"_blank\" rel=\"noopener\">Maestr\u00eda en Educaci\u00f3n<\/a><\/h5>\n<hr \/>\n<h5><a href=\"https:\/\/observatorios.uo.edu.cu\/ceciencias\/2025\/05\/07\/diplomado-educacion-superior-para-jovenes-docentes\/\" target=\"_blank\" rel=\"noopener\">Diplomado Educaci\u00f3n Superior para J\u00f3venes Docentes<\/a><\/h5>\n<hr \/>\n<h5><a href=\"https:\/\/observatorios.uo.edu.cu\/ceciencias\/2023\/05\/09\/diplomado-fundamentos-cientificos-de-la-educacion\/\" target=\"_blank\" rel=\"noopener\">Diplomado \u201cFundamentos Cient\u00edficos de la Educaci\u00f3n<\/a><\/h5>\n<hr \/>\n<h5><a href=\"https:\/\/observatorios.uo.edu.cu\/ceciencias\/2024\/04\/03\/curso-gestion-cientifica-en-los-ipvce-desde-el-observatorio-ceciencias\/\" target=\"_blank\" rel=\"noopener\">Curso: Gesti\u00f3n cient\u00edfica en los IPVCE desde el Observatorio CECiencias<\/a><\/h5>\n<hr \/>\n<h5><a href=\"https:\/\/observatorios.uo.edu.cu\/ceciencias\/2024\/11\/12\/curso-preevento-la-tecnologia-educativa-para-una-edicacion-de-calidad-experiencias-en-un-programa-de-formacion-doctoral\/\" target=\"_blank\" rel=\"noopener\">Curso preevento \u00abLa Tecnolog\u00eda Educativa para una educaci\u00f3n de calidad: Experiencias en un programa de formaci\u00f3n doctoral\u00bb.<\/a><\/h5>\n<hr \/>\n<h5><a href=\"https:\/\/observatorios.uo.edu.cu\/ceciencias\/2024\/01\/14\/entrenamiento-precisiones-metodologicas-acerca-de-la-educacion-a-distancia\/\" target=\"_blank\" rel=\"noopener\">Entrenamiento de Educaci\u00f3n a Distancia<\/a><\/h5>\n<hr \/>\n<h5>\u00a0<\/h5>\n\n\n<p><\/p>\n","protected":false},"excerpt":{"rendered":"<p>Programas acad\u00e9micos del CEPED:Postdoctorado Gesti\u00f3n de Ciencia y Formaci\u00f3n de Investigadores Doctorado enCiencias de la Educaci\u00f3n Maestr\u00eda en Educaci\u00f3n Diplomado Educaci\u00f3n Superior para J\u00f3venes Docentes Diplomado \u201cFundamentos Cient\u00edficos de la Educaci\u00f3n Curso: Gesti\u00f3n cient\u00edfica en los IPVCE desde el Observatorio CECiencias Curso preevento \u00abLa Tecnolog\u00eda Educativa para una educaci\u00f3n de calidad: Experiencias en un programa &#8230; <a title=\"Postgrado\" class=\"read-more\" href=\"https:\/\/observatorios.uo.edu.cu\/ceciencias\/programas-academicos\/\" aria-label=\"Leer m\u00e1s sobre Postgrado\">Leer m\u00e1s<\/a><\/p>\n","protected":false},"author":32,"featured_media":0,"parent":0,"menu_order":0,"comment_status":"closed","ping_status":"closed","template":"","meta":{"_bbp_topic_count":0,"_bbp_reply_count":0,"_bbp_total_topic_count":0,"_bbp_total_reply_count":0,"_bbp_voice_count":0,"_bbp_anonymous_reply_count":0,"_bbp_topic_count_hidden":0,"_bbp_reply_count_hidden":0,"_bbp_forum_subforum_count":0,"footnotes":""},"class_list":["post-3811","page","type-page","status-publish"],"rttpg_featured_image_url":null,"rttpg_author":{"display_name":"Jos\u00e9 Manuel Izquierdo Lao","author_link":"https:\/\/observatorios.uo.edu.cu\/ceciencias\/author\/jmil\/"},"rttpg_comment":0,"rttpg_category":null,"rttpg_excerpt":"Programas acad\u00e9micos del CEPED:Postdoctorado Gesti\u00f3n de Ciencia y Formaci\u00f3n de Investigadores Doctorado enCiencias de la Educaci\u00f3n Maestr\u00eda en Educaci\u00f3n Diplomado Educaci\u00f3n Superior para J\u00f3venes Docentes Diplomado \u201cFundamentos Cient\u00edficos de la Educaci\u00f3n Curso: Gesti\u00f3n cient\u00edfica en los IPVCE desde el Observatorio CECiencias Curso preevento \u00abLa Tecnolog\u00eda Educativa para una educaci\u00f3n de calidad: Experiencias en un programa&hellip;","_links":{"self":[{"href":"https:\/\/observatorios.uo.edu.cu\/ceciencias\/wp-json\/wp\/v2\/pages\/3811","targetHints":{"allow":["GET"]}}],"collection":[{"href":"https:\/\/observatorios.uo.edu.cu\/ceciencias\/wp-json\/wp\/v2\/pages"}],"about":[{"href":"https:\/\/observatorios.uo.edu.cu\/ceciencias\/wp-json\/wp\/v2\/types\/page"}],"author":[{"embeddable":true,"href":"https:\/\/observatorios.uo.edu.cu\/ceciencias\/wp-json\/wp\/v2\/users\/32"}],"replies":[{"embeddable":true,"href":"https:\/\/observatorios.uo.edu.cu\/ceciencias\/wp-json\/wp\/v2\/comments?post=3811"}],"version-history":[{"count":22,"href":"https:\/\/observatorios.uo.edu.cu\/ceciencias\/wp-json\/wp\/v2\/pages\/3811\/revisions"}],"predecessor-version":[{"id":6246,"href":"https:\/\/observatorios.uo.edu.cu\/ceciencias\/wp-json\/wp\/v2\/pages\/3811\/revisions\/6246"}],"wp:attachment":[{"href":"https:\/\/observatorios.uo.edu.cu\/ceciencias\/wp-json\/wp\/v2\/media?parent=3811"}],"curies":[{"name":"wp","href":"https:\/\/api.w.org\/{rel}","templated":true}]}}