{"id":4986,"date":"2024-05-16T19:03:12","date_gmt":"2024-05-16T19:03:12","guid":{"rendered":"https:\/\/observatorios.uo.edu.cu\/ceciencias\/?page_id=4986"},"modified":"2024-10-11T13:33:31","modified_gmt":"2024-10-11T13:33:31","slug":"curso-gestion-cientifica-en-los-ipvce-desde-el-observatorio-ceciencias","status":"publish","type":"page","link":"https:\/\/observatorios.uo.edu.cu\/ceciencias\/curso-gestion-cientifica-en-los-ipvce-desde-el-observatorio-ceciencias\/","title":{"rendered":"Curso: Gesti\u00f3n cient\u00edfica en los IPVCE desde el Observatorio CECiencias<gwmw style=\"display:none;\"><\/gwmw>"},"content":{"rendered":"<h1 style=\"text-align: center;\"><a href=\"https:\/\/observatorios.uo.edu.cu\/ceciencias\/2024\/04\/03\/curso-gestion-cientifica-en-los-ipvce-desde-el-observatorio-ceciencias\/\" target=\"_blank\" rel=\"noopener\"><img decoding=\"async\" class=\"alignnone  wp-image-4987\" src=\"http:\/\/observatorios.uo.edu.cu\/ceciencias\/wp-content\/uploads\/sites\/2\/2024\/05\/2144.png\" alt=\"\" width=\"41\" height=\"41\" srcset=\"https:\/\/observatorios.uo.edu.cu\/ceciencias\/wp-content\/uploads\/sites\/2\/2024\/05\/2144.png 512w, https:\/\/observatorios.uo.edu.cu\/ceciencias\/wp-content\/uploads\/sites\/2\/2024\/05\/2144-300x300.png 300w, https:\/\/observatorios.uo.edu.cu\/ceciencias\/wp-content\/uploads\/sites\/2\/2024\/05\/2144-150x150.png 150w\" sizes=\"(max-width: 41px) 100vw, 41px\" \/><\/a><a href=\"https:\/\/observatorios.uo.edu.cu\/ceciencias\/2024\/04\/03\/curso-gestion-cientifica-en-los-ipvce-desde-el-observatorio-ceciencias\/\" target=\"_blank\" rel=\"noopener\">Inicio<\/a><\/h1>\n<hr \/>\n<h1 style=\"text-align: center;\"><img decoding=\"async\" class=\"alignnone  wp-image-4991\" src=\"http:\/\/observatorios.uo.edu.cu\/ceciencias\/wp-content\/uploads\/sites\/2\/2024\/05\/1011407.png\" alt=\"\" width=\"48\" height=\"48\" srcset=\"https:\/\/observatorios.uo.edu.cu\/ceciencias\/wp-content\/uploads\/sites\/2\/2024\/05\/1011407.png 256w, https:\/\/observatorios.uo.edu.cu\/ceciencias\/wp-content\/uploads\/sites\/2\/2024\/05\/1011407-150x150.png 150w\" sizes=\"(max-width: 48px) 100vw, 48px\" \/><strong>Enlaces:<br \/><\/strong><\/h1>\n<h1 style=\"text-align: center;\"><a href=\"https:\/\/observatorios.uo.edu.cu\/ceciencias\/sala-iv-ceciencias\/\" target=\"_blank\" rel=\"noopener\"><img decoding=\"async\" class=\"alignnone  wp-image-5057\" src=\"http:\/\/observatorios.uo.edu.cu\/ceciencias\/wp-content\/uploads\/sites\/2\/2024\/06\/Videoconferencias.png\" alt=\"\" width=\"119\" height=\"85\" \/><\/a><a href=\"https:\/\/observatorios.uo.edu.cu\/ceciencias\/sala-iv-ceciencias\/\" target=\"_blank\" rel=\"noopener\">Sala IV CECiencias<\/a><\/h1>\n<hr \/><hr \/>\n<h3 style=\"text-align: center;\"><a href=\"https:\/\/izquierdolao.survey.fm\/formulario-de-inscripci%C3%B3n-para-curso-de-posgrado\" target=\"_blank\" rel=\"noopener\"><strong><img loading=\"lazy\" decoding=\"async\" class=\"alignnone  wp-image-5017\" src=\"http:\/\/observatorios.uo.edu.cu\/ceciencias\/wp-content\/uploads\/sites\/2\/2024\/04\/Formulario.png\" alt=\"\" width=\"86\" height=\"86\" srcset=\"https:\/\/observatorios.uo.edu.cu\/ceciencias\/wp-content\/uploads\/sites\/2\/2024\/04\/Formulario.png 512w, https:\/\/observatorios.uo.edu.cu\/ceciencias\/wp-content\/uploads\/sites\/2\/2024\/04\/Formulario-300x300.png 300w, https:\/\/observatorios.uo.edu.cu\/ceciencias\/wp-content\/uploads\/sites\/2\/2024\/04\/Formulario-150x150.png 150w\" sizes=\"(max-width: 86px) 100vw, 86px\" \/>Formulario de matr\u00edcula<\/strong><\/a><\/h3>\n<hr \/>\n<h2 style=\"text-align: center;\"><a href=\"https:\/\/observatorios.uo.edu.cu\/ceciencias\/_programa_curso-posgrado_gestion-cientifica-en-los-ipvce-desde-el-observatorio-ceciencias_v1_\/\" target=\"_blank\" rel=\"noopener\"><img loading=\"lazy\" decoding=\"async\" class=\"alignnone  wp-image-5004\" src=\"http:\/\/observatorios.uo.edu.cu\/ceciencias\/wp-content\/uploads\/sites\/2\/2024\/05\/Curso.png\" alt=\"\" width=\"78\" height=\"78\" srcset=\"https:\/\/observatorios.uo.edu.cu\/ceciencias\/wp-content\/uploads\/sites\/2\/2024\/05\/Curso.png 512w, https:\/\/observatorios.uo.edu.cu\/ceciencias\/wp-content\/uploads\/sites\/2\/2024\/05\/Curso-300x300.png 300w, https:\/\/observatorios.uo.edu.cu\/ceciencias\/wp-content\/uploads\/sites\/2\/2024\/05\/Curso-150x150.png 150w\" sizes=\"(max-width: 78px) 100vw, 78px\" \/>Programa del curso<\/a><\/h2>\n<hr \/>\n<h1 style=\"text-align: center;\"><a href=\"https:\/\/chat.whatsapp.com\/IfAc9s3vHFP3N0LQjN3gko\" target=\"_blank\" rel=\"noopener\"><img loading=\"lazy\" decoding=\"async\" class=\"alignnone  wp-image-4993\" src=\"http:\/\/observatorios.uo.edu.cu\/ceciencias\/wp-content\/uploads\/sites\/2\/2024\/05\/images.jpg\" alt=\"\" width=\"65\" height=\"66\" \/><\/a><a href=\"https:\/\/chat.whatsapp.com\/IfAc9s3vHFP3N0LQjN3gko\" target=\"_blank\" rel=\"noopener\">Grupo en WhatsApp<\/a><\/h1>\n<hr \/>\n<h2 style=\"text-align: center;\"><a href=\"https:\/\/wordpress.com\/log-in\/link\/es?client_id=1854&amp;redirect_to=https%3A%2F%2Fpublic-api.wordpress.com%2Foauth2%2Fauthorize%3Fclient_id%3D1854%26response_type%3Dcode%26blog_id%3D0%26state%3D73c26b4f01a1ac76d1353f28a1a362b889dff6a1cc1c4b15aa0ba2e774532dbc%26redirect_uri%3Dhttps%253A%252F%252Fgravatar.com%252Fconnect%252F%253Faction%253Drequest_access_token%26from-calypso%3D1\" target=\"_blank\" rel=\"noopener\"><img loading=\"lazy\" decoding=\"async\" class=\"alignnone size-full wp-image-5063\" src=\"http:\/\/observatorios.uo.edu.cu\/ceciencias\/wp-content\/uploads\/sites\/2\/2024\/06\/grvatar.png\" alt=\"\" width=\"64\" height=\"62\" \/><\/a><a href=\"https:\/\/wordpress.com\/log-in\/link\/es?client_id=1854&amp;redirect_to=https%3A%2F%2Fpublic-api.wordpress.com%2Foauth2%2Fauthorize%3Fclient_id%3D1854%26response_type%3Dcode%26blog_id%3D0%26state%3D73c26b4f01a1ac76d1353f28a1a362b889dff6a1cc1c4b15aa0ba2e774532dbc%26redirect_uri%3Dhttps%253A%252F%252Fgravatar.com%252Fconnect%252F%253Faction%253Drequest_access_token%26from-calypso%3D1\" target=\"_blank\" rel=\"noopener\">Gravatar<\/a><\/h2>\n<hr \/>\n<h2 style=\"text-align: center;\"><img loading=\"lazy\" decoding=\"async\" class=\"alignnone  wp-image-4996\" src=\"http:\/\/observatorios.uo.edu.cu\/ceciencias\/wp-content\/uploads\/sites\/2\/2024\/05\/videos.jpg\" alt=\"\" width=\"92\" height=\"63\" srcset=\"https:\/\/observatorios.uo.edu.cu\/ceciencias\/wp-content\/uploads\/sites\/2\/2024\/05\/videos.jpg 577w, https:\/\/observatorios.uo.edu.cu\/ceciencias\/wp-content\/uploads\/sites\/2\/2024\/05\/videos-300x205.jpg 300w\" sizes=\"(max-width: 92px) 100vw, 92px\" \/>Videos:<\/h2>\n<ul>\n<li><a href=\"https:\/\/www.youtube.com\/watch?v=KpQv2nW249g\" target=\"_blank\" rel=\"noopener\">Gesti\u00f3n acad\u00e9mica mediante el observatorio cient\u00edfico ceciencias, a favor de la calidad educativa<\/a><\/li>\n<li><a href=\"https:\/\/www.youtube.com\/watch?v=44zwM0SaZQQ\" target=\"_blank\" rel=\"noopener\">Crear im\u00e1gen de perfil en https:\/\/gravatar.com\/<\/a><\/li>\n<li><a href=\"https:\/\/www.youtube.com\/watch?v=QaQ4R3NYUzE\" target=\"_blank\" rel=\"noopener\">Acceder al Observatorio CECiencias con el rol de Autor<\/a><\/li>\n<li><a href=\"https:\/\/www.youtube.com\/watch?v=PKxP-2d0nXQ\" target=\"_blank\" rel=\"noopener\">Trabajo en red de los IPVCE y proyectos desde el Observatorio CECiencias<\/a><\/li>\n<li><a href=\"https:\/\/youtu.be\/D1qKriefn-c\" target=\"_blank\" rel=\"noopener\">El entrenamiento para concursos de los IPVCE mediante el Observatorio CECiencias<\/a><\/li>\n<li><a href=\"https:\/\/youtu.be\/xsQquavFyv4?si=ygNzqOPxLIQ9hGJf\" target=\"_blank\" rel=\"noopener\">Crear una publicaci\u00f3n en el Observatorio CECiencias<\/a><\/li>\n<\/ul>\n<hr \/>\n<h2 style=\"text-align: center;\"><img loading=\"lazy\" decoding=\"async\" class=\"alignnone  wp-image-5092\" src=\"http:\/\/observatorios.uo.edu.cu\/ceciencias\/wp-content\/uploads\/sites\/2\/2024\/06\/pdf.jpg\" alt=\"\" width=\"64\" height=\"63\" srcset=\"https:\/\/observatorios.uo.edu.cu\/ceciencias\/wp-content\/uploads\/sites\/2\/2024\/06\/pdf.jpg 205w, https:\/\/observatorios.uo.edu.cu\/ceciencias\/wp-content\/uploads\/sites\/2\/2024\/06\/pdf-150x150.jpg 150w\" sizes=\"(max-width: 64px) 100vw, 64px\" \/>Documentos:<\/h2>\n<ul>\n<li><a href=\"https:\/\/observatorios.uo.edu.cu\/ceciencias\/estudiantes-del-curso-gestion-cientifica-en-los-ipvce-desde-el-observatorio-ceciencias\/\" target=\"_blank\" rel=\"noopener\">Estudiantes del Curso: Gesti\u00f3n cient\u00edfica en los IPVCE desde el Observatorio CECiencias<\/a><\/li>\n<li><a href=\"https:\/\/observatorios.uo.edu.cu\/ceciencias\/wp-content\/uploads\/sites\/2\/2024\/06\/Tema-2_Trabajo-en-red_20240607_ch_.pdf\" target=\"_blank\" rel=\"noopener\">Trabajo en red de los IPVCE y proyectos desde el observatorio CECiencias<\/a><\/li>\n<\/ul>\n\n<h3><a href=\"https:\/\/observatorios.uo.edu.cu\/ceciencias\/certificados-del-curso-gestion-cientifica-en-los-ipvce-desde-el-observatorio-ce-ciencias\/\" target=\"_blank\" rel=\"noopener\"><img loading=\"lazy\" decoding=\"async\" class=\"alignnone size-full wp-image-5245\" src=\"http:\/\/observatorios.uo.edu.cu\/ceciencias\/wp-content\/uploads\/sites\/2\/2024\/10\/Sin-titulo.jpg\" alt=\"\" width=\"107\" height=\"109\" \/><\/a><a href=\"https:\/\/observatorios.uo.edu.cu\/ceciencias\/certificados-del-curso-gestion-cientifica-en-los-ipvce-desde-el-observatorio-ce-ciencias\/\" target=\"_blank\" rel=\"noopener\">Certificados de participaci\u00f3n en el curso<\/a><\/h3>\n\n\n<p><\/p>\n\n\n<hr \/>\n<h2 style=\"text-align: center;\"><span style=\"background-color: transparent; color: var(--contrast); font-size: inherit;\"><br \/><a href=\"https:\/\/www.facebook.com\/cepeduocu\" target=\"_blank\" rel=\"noopener\"><img loading=\"lazy\" decoding=\"async\" class=\"alignnone  wp-image-5080\" src=\"http:\/\/observatorios.uo.edu.cu\/ceciencias\/wp-content\/uploads\/sites\/2\/2024\/06\/descarga.jpg\" alt=\"\" width=\"75\" height=\"75\" srcset=\"https:\/\/observatorios.uo.edu.cu\/ceciencias\/wp-content\/uploads\/sites\/2\/2024\/06\/descarga.jpg 220w, https:\/\/observatorios.uo.edu.cu\/ceciencias\/wp-content\/uploads\/sites\/2\/2024\/06\/descarga-150x150.jpg 150w\" sizes=\"(max-width: 75px) 100vw, 75px\" \/><\/a><a href=\"https:\/\/www.facebook.com\/cepeduocu\" target=\"_blank\" rel=\"noopener\">Centro de Estudios Pedag\u00f3gicos<\/a><br \/><\/span><\/h2>\n<hr \/>\n<h2 style=\"text-align: center;\"><span style=\"background-color: transparent; color: var(--contrast); font-size: inherit;\"><a href=\"https:\/\/x.com\/CentroCeped\" target=\"_blank\" rel=\"noopener\"><img loading=\"lazy\" decoding=\"async\" class=\"alignnone  wp-image-5082\" src=\"http:\/\/observatorios.uo.edu.cu\/ceciencias\/wp-content\/uploads\/sites\/2\/2024\/06\/descarga-1.jpg\" alt=\"\" width=\"81\" height=\"81\" srcset=\"https:\/\/observatorios.uo.edu.cu\/ceciencias\/wp-content\/uploads\/sites\/2\/2024\/06\/descarga-1.jpg 225w, https:\/\/observatorios.uo.edu.cu\/ceciencias\/wp-content\/uploads\/sites\/2\/2024\/06\/descarga-1-150x150.jpg 150w\" sizes=\"(max-width: 81px) 100vw, 81px\" \/><\/a><a href=\"https:\/\/x.com\/CentroCeped\" target=\"_blank\" rel=\"noopener\">Centro de Estudios Pedag\u00f3gicos<\/a><br \/><\/span><\/h2>\n<hr \/>\n<h2 style=\"text-align: center;\"><span style=\"background-color: transparent; color: var(--contrast); font-size: inherit;\"><a href=\"https:\/\/www.youtube.com\/@centrodeestudiospedagogico6860\" target=\"_blank\" rel=\"noopener\"><img loading=\"lazy\" decoding=\"async\" class=\"alignnone  wp-image-4996\" src=\"http:\/\/observatorios.uo.edu.cu\/ceciencias\/wp-content\/uploads\/sites\/2\/2024\/05\/videos.jpg\" alt=\"\" width=\"88\" height=\"60\" srcset=\"https:\/\/observatorios.uo.edu.cu\/ceciencias\/wp-content\/uploads\/sites\/2\/2024\/05\/videos.jpg 577w, https:\/\/observatorios.uo.edu.cu\/ceciencias\/wp-content\/uploads\/sites\/2\/2024\/05\/videos-300x205.jpg 300w\" sizes=\"(max-width: 88px) 100vw, 88px\" \/><\/a><a href=\"https:\/\/www.youtube.com\/@centrodeestudiospedagogico6860\" target=\"_blank\" rel=\"noopener\">Centro de Estudios Pedag\u00f3gicos CEPED<\/a><br \/><\/span><\/h2>\n<hr \/>\n<h2 style=\"text-align: center;\">\u00a0<\/h2>","protected":false},"excerpt":{"rendered":"<p>Inicio Enlaces: Sala IV CECiencias Formulario de matr\u00edcula Programa del curso Grupo en WhatsApp Gravatar Videos: Gesti\u00f3n acad\u00e9mica mediante el observatorio cient\u00edfico ceciencias, a favor de la calidad educativa Crear im\u00e1gen de perfil en https:\/\/gravatar.com\/ Acceder al Observatorio CECiencias con el rol de Autor Trabajo en red de los IPVCE y proyectos desde el Observatorio &#8230; <a title=\"Curso: Gesti\u00f3n cient\u00edfica en los IPVCE desde el Observatorio CECiencias\" class=\"read-more\" href=\"https:\/\/observatorios.uo.edu.cu\/ceciencias\/curso-gestion-cientifica-en-los-ipvce-desde-el-observatorio-ceciencias\/\" aria-label=\"Leer m\u00e1s sobre Curso: Gesti\u00f3n cient\u00edfica en los IPVCE desde el Observatorio CECiencias\">Leer m\u00e1s<\/a><\/p>\n","protected":false},"author":32,"featured_media":0,"parent":0,"menu_order":0,"comment_status":"closed","ping_status":"closed","template":"","meta":{"_bbp_topic_count":0,"_bbp_reply_count":0,"_bbp_total_topic_count":0,"_bbp_total_reply_count":0,"_bbp_voice_count":0,"_bbp_anonymous_reply_count":0,"_bbp_topic_count_hidden":0,"_bbp_reply_count_hidden":0,"_bbp_forum_subforum_count":0,"footnotes":""},"class_list":["post-4986","page","type-page","status-publish"],"rttpg_featured_image_url":null,"rttpg_author":{"display_name":"Jos\u00e9 Manuel Izquierdo Lao","author_link":"https:\/\/observatorios.uo.edu.cu\/ceciencias\/author\/jmil\/"},"rttpg_comment":0,"rttpg_category":null,"rttpg_excerpt":"Inicio Enlaces: Sala IV CECiencias Formulario de matr\u00edcula Programa del curso Grupo en WhatsApp Gravatar Videos: Gesti\u00f3n acad\u00e9mica mediante el observatorio cient\u00edfico ceciencias, a favor de la calidad educativa Crear im\u00e1gen de perfil en https:\/\/gravatar.com\/ Acceder al Observatorio CECiencias con el rol de Autor Trabajo en red de los IPVCE y proyectos desde el Observatorio&hellip;","_links":{"self":[{"href":"https:\/\/observatorios.uo.edu.cu\/ceciencias\/wp-json\/wp\/v2\/pages\/4986","targetHints":{"allow":["GET"]}}],"collection":[{"href":"https:\/\/observatorios.uo.edu.cu\/ceciencias\/wp-json\/wp\/v2\/pages"}],"about":[{"href":"https:\/\/observatorios.uo.edu.cu\/ceciencias\/wp-json\/wp\/v2\/types\/page"}],"author":[{"embeddable":true,"href":"https:\/\/observatorios.uo.edu.cu\/ceciencias\/wp-json\/wp\/v2\/users\/32"}],"replies":[{"embeddable":true,"href":"https:\/\/observatorios.uo.edu.cu\/ceciencias\/wp-json\/wp\/v2\/comments?post=4986"}],"version-history":[{"count":38,"href":"https:\/\/observatorios.uo.edu.cu\/ceciencias\/wp-json\/wp\/v2\/pages\/4986\/revisions"}],"predecessor-version":[{"id":5246,"href":"https:\/\/observatorios.uo.edu.cu\/ceciencias\/wp-json\/wp\/v2\/pages\/4986\/revisions\/5246"}],"wp:attachment":[{"href":"https:\/\/observatorios.uo.edu.cu\/ceciencias\/wp-json\/wp\/v2\/media?parent=4986"}],"curies":[{"name":"wp","href":"https:\/\/api.w.org\/{rel}","templated":true}]}}