{"id":5149,"date":"2024-07-07T16:37:00","date_gmt":"2024-07-07T16:37:00","guid":{"rendered":"https:\/\/observatorios.uo.edu.cu\/ceciencias\/?page_id=5149"},"modified":"2024-07-08T15:51:30","modified_gmt":"2024-07-08T15:51:30","slug":"evaluacion-del-curso-gestion-cientifica-en-los-ipvce-desde-el-observatorio-ceciencias","status":"publish","type":"page","link":"https:\/\/observatorios.uo.edu.cu\/ceciencias\/evaluacion-del-curso-gestion-cientifica-en-los-ipvce-desde-el-observatorio-ceciencias\/","title":{"rendered":"Evaluaci\u00f3n del curso Gesti\u00f3n cient\u00edfica en los IPVCE desde el Observatorio CECiencias"},"content":{"rendered":"<p style=\"text-align: left;\">La evaluaci\u00f3n del curso Gesti\u00f3n cient\u00edfica en los IPVCE desde el Observatorio CECiencias consiste en una publicaci\u00f3n en el observatorio que puede responser a la plantilla del pdf del enlace:<\/p>\n<h2 style=\"text-align: center;\"><a href=\"https:\/\/observatorios.uo.edu.cu\/ceciencias\/wp-content\/uploads\/sites\/2\/2024\/07\/Tareal-IPVCE.pdf\" target=\"_blank\" rel=\"noopener\"><img decoding=\"async\" class=\"alignnone  wp-image-5092\" src=\"http:\/\/observatorios.uo.edu.cu\/ceciencias\/wp-content\/uploads\/sites\/2\/2024\/06\/pdf.jpg\" alt=\"\" width=\"61\" height=\"60\" srcset=\"https:\/\/observatorios.uo.edu.cu\/ceciencias\/wp-content\/uploads\/sites\/2\/2024\/06\/pdf.jpg 205w, https:\/\/observatorios.uo.edu.cu\/ceciencias\/wp-content\/uploads\/sites\/2\/2024\/06\/pdf-150x150.jpg 150w\" sizes=\"(max-width: 61px) 100vw, 61px\" \/>ENLACE<\/a><\/h2>\n<p>Se sugiere ver los video tutoriales orientados en el curso:<\/p>\n<ul>\n<li><a href=\"https:\/\/www.youtube.com\/watch?v=KpQv2nW249g\" target=\"_blank\" rel=\"noopener\">Gesti\u00f3n acad\u00e9mica mediante el observatorio cient\u00edfico ceciencias, a favor de la calidad educativa<\/a><\/li>\n<li><a href=\"https:\/\/www.youtube.com\/watch?v=44zwM0SaZQQ\" target=\"_blank\" rel=\"noopener\">Crear im\u00e1gen de perfil en https:\/\/gravatar.com\/<\/a><\/li>\n<li><a href=\"https:\/\/www.youtube.com\/watch?v=QaQ4R3NYUzE\" target=\"_blank\" rel=\"noopener\">Acceder al Observatorio CECiencias con el rol de Autor<\/a><\/li>\n<li><a href=\"https:\/\/www.youtube.com\/watch?v=PKxP-2d0nXQ\" target=\"_blank\" rel=\"noopener\">Trabajo en red de los IPVCE y proyectos desde el Observatorio CECiencias<\/a><\/li>\n<li><a href=\"https:\/\/youtu.be\/D1qKriefn-c\" target=\"_blank\" rel=\"noopener\">El entrenamiento para concursos de los IPVCE mediante el Observatorio CECiencias<\/a><\/li>\n<li><a href=\"https:\/\/youtu.be\/xsQquavFyv4?si=ygNzqOPxLIQ9hGJf\" target=\"_blank\" rel=\"noopener\">Crear una publicaci\u00f3n en el Observatorio CECiencias<\/a><\/li>\n<\/ul>\n<h3><a href=\"https:\/\/observatorios.uo.edu.cu\/ceciencias\/wp-content\/uploads\/sites\/2\/2024\/07\/Sugerencias-p-Trabajo-Final_240706.pdf\" target=\"_blank\" rel=\"noopener\"><img decoding=\"async\" class=\"alignnone  wp-image-5163\" src=\"http:\/\/observatorios.uo.edu.cu\/ceciencias\/wp-content\/uploads\/sites\/2\/2024\/07\/Sin-titulo.jpg\" alt=\"\" width=\"93\" height=\"87\" srcset=\"https:\/\/observatorios.uo.edu.cu\/ceciencias\/wp-content\/uploads\/sites\/2\/2024\/07\/Sin-titulo.jpg 571w, https:\/\/observatorios.uo.edu.cu\/ceciencias\/wp-content\/uploads\/sites\/2\/2024\/07\/Sin-titulo-300x280.jpg 300w\" sizes=\"(max-width: 93px) 100vw, 93px\" \/><\/a><a href=\"https:\/\/observatorios.uo.edu.cu\/ceciencias\/wp-content\/uploads\/sites\/2\/2024\/07\/Sugerencias-p-Trabajo-Final_240706.pdf\" target=\"_blank\" rel=\"noopener\">Sugerencias para el trabajo final<\/a><\/h3>\n","protected":false},"excerpt":{"rendered":"<p>La evaluaci\u00f3n del curso Gesti\u00f3n cient\u00edfica en los IPVCE desde el Observatorio CECiencias consiste en una publicaci\u00f3n en el observatorio que puede responser a la plantilla del pdf del enlace: ENLACE Se sugiere ver los video tutoriales orientados en el curso: Gesti\u00f3n acad\u00e9mica mediante el observatorio cient\u00edfico ceciencias, a favor de la calidad educativa Crear &#8230; <a title=\"Evaluaci\u00f3n del curso Gesti\u00f3n cient\u00edfica en los IPVCE desde el Observatorio CECiencias\" class=\"read-more\" href=\"https:\/\/observatorios.uo.edu.cu\/ceciencias\/evaluacion-del-curso-gestion-cientifica-en-los-ipvce-desde-el-observatorio-ceciencias\/\" aria-label=\"Leer m\u00e1s sobre Evaluaci\u00f3n del curso Gesti\u00f3n cient\u00edfica en los IPVCE desde el Observatorio CECiencias\">Leer m\u00e1s<\/a><\/p>\n","protected":false},"author":32,"featured_media":0,"parent":0,"menu_order":0,"comment_status":"closed","ping_status":"closed","template":"","meta":{"_bbp_topic_count":0,"_bbp_reply_count":0,"_bbp_total_topic_count":0,"_bbp_total_reply_count":0,"_bbp_voice_count":0,"_bbp_anonymous_reply_count":0,"_bbp_topic_count_hidden":0,"_bbp_reply_count_hidden":0,"_bbp_forum_subforum_count":0,"footnotes":""},"class_list":["post-5149","page","type-page","status-publish"],"rttpg_featured_image_url":null,"rttpg_author":{"display_name":"Jos\u00e9 Manuel Izquierdo Lao","author_link":"https:\/\/observatorios.uo.edu.cu\/ceciencias\/author\/jmil\/"},"rttpg_comment":0,"rttpg_category":null,"rttpg_excerpt":"La evaluaci\u00f3n del curso Gesti\u00f3n cient\u00edfica en los IPVCE desde el Observatorio CECiencias consiste en una publicaci\u00f3n en el observatorio que puede responser a la plantilla del pdf del enlace: ENLACE Se sugiere ver los video tutoriales orientados en el curso: Gesti\u00f3n acad\u00e9mica mediante el observatorio cient\u00edfico ceciencias, a favor de la calidad educativa Crear&hellip;","_links":{"self":[{"href":"https:\/\/observatorios.uo.edu.cu\/ceciencias\/wp-json\/wp\/v2\/pages\/5149","targetHints":{"allow":["GET"]}}],"collection":[{"href":"https:\/\/observatorios.uo.edu.cu\/ceciencias\/wp-json\/wp\/v2\/pages"}],"about":[{"href":"https:\/\/observatorios.uo.edu.cu\/ceciencias\/wp-json\/wp\/v2\/types\/page"}],"author":[{"embeddable":true,"href":"https:\/\/observatorios.uo.edu.cu\/ceciencias\/wp-json\/wp\/v2\/users\/32"}],"replies":[{"embeddable":true,"href":"https:\/\/observatorios.uo.edu.cu\/ceciencias\/wp-json\/wp\/v2\/comments?post=5149"}],"version-history":[{"count":7,"href":"https:\/\/observatorios.uo.edu.cu\/ceciencias\/wp-json\/wp\/v2\/pages\/5149\/revisions"}],"predecessor-version":[{"id":5164,"href":"https:\/\/observatorios.uo.edu.cu\/ceciencias\/wp-json\/wp\/v2\/pages\/5149\/revisions\/5164"}],"wp:attachment":[{"href":"https:\/\/observatorios.uo.edu.cu\/ceciencias\/wp-json\/wp\/v2\/media?parent=5149"}],"curies":[{"name":"wp","href":"https:\/\/api.w.org\/{rel}","templated":true}]}}