{"id":5457,"date":"2025-02-10T16:25:34","date_gmt":"2025-02-10T16:25:34","guid":{"rendered":"https:\/\/observatorios.uo.edu.cu\/ceciencias\/?page_id=5457"},"modified":"2025-03-07T17:02:22","modified_gmt":"2025-03-07T17:02:22","slug":"educacion-a-distancia","status":"publish","type":"page","link":"https:\/\/observatorios.uo.edu.cu\/ceciencias\/educacion-a-distancia\/","title":{"rendered":"Educaci\u00f3n a Distancia"},"content":{"rendered":"<h5>Documentos normativos de Educaci\u00f3n a Distancia<br \/>&#8211; Documentos Secretar\u00eda de Postgrado<br \/>\u00a0 \u00a0<a href=\"https:\/\/observatorios.uo.edu.cu\/ceciencias\/wp-content\/uploads\/sites\/2\/2025\/02\/Resolucion-110-20.pdf\" target=\"_blank\" rel=\"noopener\">Resoluci\u00f3n 110 \/20.<\/a>\u00a0<br \/>\u00a0 \u00a0<a href=\"https:\/\/observatorios.uo.edu.cu\/ceciencias\/wp-content\/uploads\/sites\/2\/2025\/02\/Resolucion-No.113-2021.pdf\" target=\"_blank\" rel=\"noopener\">Resoluci\u00f3n 113 \/21.<\/a><br \/>&#8211; Normativas EAD<br \/>\u00a0 \u00a0<a href=\"https:\/\/observatorios.uo.edu.cu\/ceciencias\/wp-content\/uploads\/sites\/2\/2025\/02\/1.-Modelo-de-Educacion-a-Distancia-de-la-Educacion-Superior-Cubana.pdf\" target=\"_blank\" rel=\"noopener\">Modelo de la EAD de la Educaci\u00f3n Superior Cubana<\/a><br \/>\u00a0 \u00a0<a href=\"https:\/\/observatorios.uo.edu.cu\/ceciencias\/wp-content\/uploads\/sites\/2\/2025\/02\/2-Resolucion-15-de-2023-Educacion-a-Distancia.pdf\" target=\"_blank\" rel=\"noopener\">Resoluci\u00f3n 15 del 2023 EAD<\/a><br \/>\u00a0 \u00a0<a href=\"https:\/\/observatorios.uo.edu.cu\/ceciencias\/wp-content\/uploads\/sites\/2\/2025\/02\/4.-Documentos-complementarios-al-Modelo-de-Educacion-a-Distancia.pdf\" target=\"_blank\" rel=\"noopener\">Documentos complementarios de la EAD<\/a><br \/>\u00a0 \u00a0<a href=\"https:\/\/observatorios.uo.edu.cu\/ceciencias\/wp-content\/uploads\/sites\/2\/2025\/02\/Bases-mediaciones-y-futuro-EAD.pdf\" target=\"_blank\" rel=\"noopener\">Bases, mediaciones y futuro de la EAD<\/a><br \/>\u00a0 \u00a0<a href=\"https:\/\/observatorios.uo.edu.cu\/ceciencias\/wp-content\/uploads\/sites\/2\/2025\/02\/Gaceta-Oficial-65-5-sep-2019-Res-140.pdf\" target=\"_blank\" rel=\"noopener\">Gaceta Oficial No. 65 del 5 de septiembre del 2019<\/a><br \/>\u00a0 \u00a0<a href=\"https:\/\/observatorios.uo.edu.cu\/ceciencias\/wp-content\/uploads\/sites\/2\/2025\/02\/Instruccion-1-2020-Manual-de-GP-may.-2020.pdf\" target=\"_blank\" rel=\"noopener\">Instrucci\u00f3n No. 1 2020<\/a><br \/>&#8211; Ejemplos de programas aprobados de la UO<br \/>\u00a0 <a href=\"https:\/\/observatorios.uo.edu.cu\/ceciencias\/wp-content\/uploads\/sites\/2\/2025\/02\/Programa-Maestria-de-Investigacion-Educativa.pdf\" target=\"_blank\" rel=\"noopener\">Programa de la Maestr\u00eda de Investigaci\u00f3n Educativa<\/a><br \/>\u00a0 <a href=\"https:\/\/observatorios.uo.edu.cu\/ceciencias\/wp-content\/uploads\/sites\/2\/2025\/02\/Programa-Maestria-en-Ingenieria-Biomedica.pdf\" target=\"_blank\" rel=\"noopener\">Programa de la Maestr\u00eda en Ingenier\u00eda Biom\u00e9dica<\/a><br \/>&#8211; Presentaciones del Taller Metodol\u00f3gico de EAD<br \/>\u00a0 \u00a0<a href=\"https:\/\/observatorios.uo.edu.cu\/ceciencias\/wp-content\/uploads\/sites\/2\/2025\/02\/Modelo-de-la-Educacion-a-Distancia.-Buenas-practicas.pdf\" target=\"_blank\" rel=\"noopener\">Modelo de Educaci\u00f3n a Distancia. Buenas pr\u00e1cticas<\/a><br \/>\u00a0 \u00a0<a href=\"https:\/\/observatorios.uo.edu.cu\/ceciencias\/wp-content\/uploads\/sites\/2\/2025\/02\/Maestria-de-Ingenieria-Biomedica-en-la-modalidad-a-distancia.pdf\" target=\"_blank\" rel=\"noopener\">Maestr\u00eda de Ingenier\u00eda Biom\u00e9dica en la modalidad a distancia<\/a><br \/>&#8211; <a href=\"https:\/\/observatorios.uo.edu.cu\/ceciencias\/1-normativas-para-la-educacion-de-posgrado-en-la-modalidad-a-distancia\/\" target=\"_blank\" rel=\"noopener\">Normativas para la Educaci\u00f3n de Postgrado en la modalidad a Distancia<\/a><br \/>&#8211; <a href=\"https:\/\/observatorios.uo.edu.cu\/ceciencias\/2-modelo-programa-ead\/\" target=\"_blank\" rel=\"noopener\">Anexo: Formato de presentaci\u00f3n de programas de Maestr\u00eda y Especialidad de Postgado<\/a><br \/>&#8211; <a href=\"https:\/\/observatorios.uo.edu.cu\/ceciencias\/3-programa-maestria-gestion-ceped-semipresencial\/\" target=\"_blank\" rel=\"noopener\">Programa de la Maestr\u00eda Gesti\u00f3n de Procesos Formativos Universitarios (Semipresencial)<\/a><br \/>&#8211; Programas de Educaci\u00f3n a Distancia aprobados<br \/>\u00a0 <a href=\"https:\/\/observatorios.uo.edu.cu\/ceciencias\/wp-content\/uploads\/sites\/2\/2025\/03\/PROGRAMA-DE-MAESTRIA-Vistualizacion-EdD-10.10.2024.docx\" target=\"_blank\" rel=\"noopener\">Maestr\u00eda de Virtualizaci\u00f3n de Procesos Formativos Universitarios<\/a><br \/>\u00a0 <a href=\"https:\/\/observatorios.uo.edu.cu\/ceciencias\/wp-content\/uploads\/sites\/2\/2025\/03\/PROGRAMA-FINAL-MIE-EAD-OCTUBRE-3.docx\" target=\"_blank\" rel=\"noopener\">Maestr\u00eda de Investigaci\u00f3n Educativa<\/a><br \/>\u00a0 <a href=\"https:\/\/observatorios.uo.edu.cu\/ceciencias\/wp-content\/uploads\/sites\/2\/2025\/03\/Programa_MIZC_EaD-2.pdf\" target=\"_blank\" rel=\"noopener\">Maestr\u00eda en Manejo Integrado de Zonas Costeras<\/a><br \/>&#8211; <a href=\"https:\/\/observatorios.uo.edu.cu\/ceciencias\/wp-content\/uploads\/sites\/2\/2025\/03\/5.-modelo-de-cursos-ead.docx\" target=\"_blank\" rel=\"noopener\">Anexo: Programa para los programas o actividades de Superaci\u00f3n Profesional<\/a> <br \/>(cuso, entrenamiento, diplomado, seminario, taller, conferencia especializada, debate cient\u00edfico o un\u00a0 ciclo de varia de ellas, u otras formas) que lo necesiten.<br \/>&#8211; <a href=\"https:\/\/observatorios.uo.edu.cu\/ceciencias\/wp-content\/uploads\/sites\/2\/2025\/03\/ORIENTACIONES-A-LOS-EQUIPOS-DE-TRABAJO.docx\" target=\"_blank\" rel=\"noopener\">Orientaci\u00f3n a los equipos de trabajo<\/a><br \/>&#8211; <a href=\"https:\/\/cursos.uo.edu.cu\/course\/view.php?id=27\" target=\"_blank\" rel=\"noopener\">Curso: La educaci\u00f3n a distancia en un entorno virtual<\/a><br \/><br \/>\u00a0\u00a0<\/h5>\n\n\n<p><gwmw style=\"display:none;\"><\/gwmw><\/p>\n","protected":false},"excerpt":{"rendered":"<p>Documentos normativos de Educaci\u00f3n a Distancia&#8211; Documentos Secretar\u00eda de Postgrado\u00a0 \u00a0Resoluci\u00f3n 110 \/20.\u00a0\u00a0 \u00a0Resoluci\u00f3n 113 \/21.&#8211; Normativas EAD\u00a0 \u00a0Modelo de la EAD de la Educaci\u00f3n Superior Cubana\u00a0 \u00a0Resoluci\u00f3n 15 del 2023 EAD\u00a0 \u00a0Documentos complementarios de la EAD\u00a0 \u00a0Bases, mediaciones y futuro de la EAD\u00a0 \u00a0Gaceta Oficial No. 65 del 5 de septiembre del 2019\u00a0 \u00a0Instrucci\u00f3n &#8230; <a title=\"Educaci\u00f3n a Distancia\" class=\"read-more\" href=\"https:\/\/observatorios.uo.edu.cu\/ceciencias\/educacion-a-distancia\/\" aria-label=\"Leer m\u00e1s sobre Educaci\u00f3n a Distancia\">Leer m\u00e1s<\/a><\/p>\n","protected":false},"author":32,"featured_media":0,"parent":0,"menu_order":0,"comment_status":"closed","ping_status":"closed","template":"","meta":{"_bbp_topic_count":0,"_bbp_reply_count":0,"_bbp_total_topic_count":0,"_bbp_total_reply_count":0,"_bbp_voice_count":0,"_bbp_anonymous_reply_count":0,"_bbp_topic_count_hidden":0,"_bbp_reply_count_hidden":0,"_bbp_forum_subforum_count":0,"footnotes":""},"class_list":["post-5457","page","type-page","status-publish"],"rttpg_featured_image_url":null,"rttpg_author":{"display_name":"Jos\u00e9 Manuel Izquierdo Lao","author_link":"https:\/\/observatorios.uo.edu.cu\/ceciencias\/author\/jmil\/"},"rttpg_comment":0,"rttpg_category":null,"rttpg_excerpt":"Documentos normativos de Educaci\u00f3n a Distancia&#8211; Documentos Secretar\u00eda de Postgrado\u00a0 \u00a0Resoluci\u00f3n 110 \/20.\u00a0\u00a0 \u00a0Resoluci\u00f3n 113 \/21.&#8211; Normativas EAD\u00a0 \u00a0Modelo de la EAD de la Educaci\u00f3n Superior Cubana\u00a0 \u00a0Resoluci\u00f3n 15 del 2023 EAD\u00a0 \u00a0Documentos complementarios de la EAD\u00a0 \u00a0Bases, mediaciones y futuro de la EAD\u00a0 \u00a0Gaceta Oficial No. 65 del 5 de septiembre del 2019\u00a0 \u00a0Instrucci\u00f3n&hellip;","_links":{"self":[{"href":"https:\/\/observatorios.uo.edu.cu\/ceciencias\/wp-json\/wp\/v2\/pages\/5457","targetHints":{"allow":["GET"]}}],"collection":[{"href":"https:\/\/observatorios.uo.edu.cu\/ceciencias\/wp-json\/wp\/v2\/pages"}],"about":[{"href":"https:\/\/observatorios.uo.edu.cu\/ceciencias\/wp-json\/wp\/v2\/types\/page"}],"author":[{"embeddable":true,"href":"https:\/\/observatorios.uo.edu.cu\/ceciencias\/wp-json\/wp\/v2\/users\/32"}],"replies":[{"embeddable":true,"href":"https:\/\/observatorios.uo.edu.cu\/ceciencias\/wp-json\/wp\/v2\/comments?post=5457"}],"version-history":[{"count":35,"href":"https:\/\/observatorios.uo.edu.cu\/ceciencias\/wp-json\/wp\/v2\/pages\/5457\/revisions"}],"predecessor-version":[{"id":6061,"href":"https:\/\/observatorios.uo.edu.cu\/ceciencias\/wp-json\/wp\/v2\/pages\/5457\/revisions\/6061"}],"wp:attachment":[{"href":"https:\/\/observatorios.uo.edu.cu\/ceciencias\/wp-json\/wp\/v2\/media?parent=5457"}],"curies":[{"name":"wp","href":"https:\/\/api.w.org\/{rel}","templated":true}]}}