{"id":13,"date":"2019-04-09T19:07:40","date_gmt":"2019-04-09T19:07:40","guid":{"rendered":"http:\/\/observatorios.uo.edu.cu\/cemzoc\/?page_id=13"},"modified":"2025-12-02T01:31:27","modified_gmt":"2025-12-02T01:31:27","slug":"documentos-normativos","status":"publish","type":"page","link":"https:\/\/observatorios.uo.edu.cu\/cemzoc\/documentos-normativos\/","title":{"rendered":"Documentos Normativos"},"content":{"rendered":"\n<p class=\"has-text-align-left\"><div class=\"su-tabs su-tabs-style-default su-tabs-mobile-stack\" data-active=\"1\" data-scroll-offset=\"0\" data-anchor-in-url=\"no\"><div class=\"su-tabs-nav\"><span class=\"\" data-url=\"\" data-target=\"blank\" tabindex=\"0\" role=\"button\">Normas ISO<\/span><span class=\"\" data-url=\"\" data-target=\"blank\" tabindex=\"0\" role=\"button\">Resoluciones<\/span><span class=\"\" data-url=\"\" data-target=\"blank\" tabindex=\"0\" role=\"button\">Leyes<\/span><span class=\"\" data-url=\"\" data-target=\"blank\" tabindex=\"0\" role=\"button\">Cambio Clim\u00e1tico<\/span><\/div><div class=\"su-tabs-panes\"><div class=\"su-tabs-pane su-u-clearfix su-u-trim\" data-title=\"Normas ISO\">\n\n\n<div class=\"su-accordion su-u-trim\">\n  <div class=\"su-spoiler su-spoiler-style-default su-spoiler-icon-plus su-spoiler-closed\" data-scroll-offset=\"0\" data-anchor-in-url=\"no\"><div class=\"su-spoiler-title\" tabindex=\"0\" role=\"button\"><span class=\"su-spoiler-icon\"><\/span><b>1.- ISO 14001 Sistemas de Gesti\u00f3n Ambiental <\/b><\/div><div class=\"su-spoiler-content su-u-clearfix su-u-trim\">\n<p align=\"justify\"><b>SJR \/ H \u2013 INDEX<\/b>: 2.747 \/ (109) <img decoding=\"async\" src=\"http:\/\/www.cent.uo.edu.cu\/cemzoc-uo\/files\/2021\/06\/QQ1.png\" width=\"30\" height=\"30\"><\/p>\n<p align=\"justify\"><b>\u00c1REA TEM\u00c1TICA Y CATEGOR\u00cdA<\/b>: Ciencias Agr\u00edcolas y Biol\u00f3gicas (Ciencias Acu\u00e1ticas, Ecolog\u00eda, Evoluci\u00f3n, Comportamiento y Sistem\u00e1tica), Ciencias de la Tierra y Planetarias (Oceanograf\u00eda), Ciencias Ambientales (Gesti\u00f3n, Vigilancia, Pol\u00edtica y Derecho)<\/p>\n<p align=\"justify\"><b>ALCANCE<\/b>: Peces y Pesquer\u00edas adopta un enfoque amplio e interdisciplinario del tema de la biolog\u00eda de los peces y la pesca. Se trata de contribuciones en forma de grandes art\u00edculos sin\u00f3pticos y de s\u00edntesis o meta-an\u00e1lisis que exponen nuevos enfoques, reexaminan hallazgos, m\u00e9todos o teor\u00edas existentes, y discuten art\u00edculos y comentarios de diversas \u00e1reas. Las \u00e1reas de inter\u00e9s incluyen la paleontolog\u00eda de los peces, la biolog\u00eda molecular y la ecolog\u00eda, la gen\u00e9tica, la bioqu\u00edmica, la fisiolog\u00eda, la ecolog\u00eda, el comportamiento, los estudios evolutivos, la conservaci\u00f3n, la evaluaci\u00f3n, la din\u00e1mica de poblaciones, la modelizaci\u00f3n matem\u00e1tica, el an\u00e1lisis de los ecosistemas y los aspectos sociales, econ\u00f3micos y pol\u00edticos de la pesca, siempre que se basen en un enfoque cient\u00edfico. Un art\u00edculo en Fish and Fisheries debe basarse en todos los elementos clave de la literatura existente sobre un tema, normalmente tiene un amplio alcance geogr\u00e1fico y\/o taxon\u00f3mico, y proporciona puntos generales que lo hacen convincente para una amplia gama de lectores, independientemente de su ubicaci\u00f3n geogr\u00e1fica. As\u00ed pues, en resumen, pretendemos publicar art\u00edculos que hagan s\u00edntesis de datos antiguos o sin\u00f3pticos, de larga duraci\u00f3n o espacialmente extendidos, que introduzcan o consoliden conceptos o teor\u00edas nuevas o que, en la secci\u00f3n Ghoti, justifiquen brevemente ideas sin\u00f3pticas preliminares y nuevas. Tenga en cuenta que los autores de los art\u00edculos que no cumplan este mandato ser\u00e1n remitidos a la bibliograf\u00eda primaria correspondiente.<\/p>\n<p><b>URL<\/b>: <a href=\"https:\/\/onlinelibrary.wiley.com\/journal\/14672979\" target=\"_blank\" rel=\"noopener\"><i>https:\/\/onlinelibrary.wiley.com\/journal\/14672979<\/i><\/a><br \/>\n<\/div><\/div>\n  <div class=\"su-spoiler su-spoiler-style-default su-spoiler-icon-plus su-spoiler-closed\" data-scroll-offset=\"0\" data-anchor-in-url=\"no\"><div class=\"su-spoiler-title\" tabindex=\"0\" role=\"button\"><span class=\"su-spoiler-icon\"><\/span><b>2.- ISO 37101 Gesti\u00f3n del Desarrollo Sostenible en las Comunidades<\/b><\/div><div class=\"su-spoiler-content su-u-clearfix su-u-trim\">\n<p align=\"justify\"><b>SJR \/ H \u2013 INDEX<\/b>: 2.413 \/ (24) <img decoding=\"async\" src=\"http:\/\/www.cent.uo.edu.cu\/cemzoc-uo\/files\/2021\/06\/QQ1.png\" width=\"30\" height=\"30\"><\/p>\n<p align=\"justify\"><b>\u00c1REA TEM\u00c1TICA Y CATEGOR\u00cdA<\/b>:Ciencias Agr\u00edcolas y Biol\u00f3gicas (Ciencias Acu\u00e1ticas), Ciencias de la Tierra y Planetarias (Oceanograf\u00eda), Ingenier\u00eda (Ingenier\u00eda Oce\u00e1nica), Ciencias Ambientales (Ecolog\u00eda, Gesti\u00f3n, Vigilancia, Pol\u00edtica y Derecho, Ciencia y Tecnolog\u00eda del Agua) <\/p>\n<p align=\"justify\"><b>ALCANCE<\/b>:De WIREs se encuentra en las interfaces entre cinco temas intelectuales muy diferentes: la ciencia b\u00e1sica del agua, su f\u00edsica y qu\u00edmica, su flujo y las cosas que transfiere y transforma; la vida en el agua y la dependencia de los ecosistemas y organismos del agua para sobrevivir y prosperar; la ingenier\u00eda del agua para proporcionar servicios y proteger a la sociedad; las personas que viven, experimentan y gestionan el entorno del agua; y las interpretaciones que, como sociedad, hemos aportado al agua a trav\u00e9s del arte, la religi\u00f3n y la historia y que, a su vez, conforman la forma en que llegamos a entenderla. Estas interfaces no est\u00e1n dise\u00f1adas simplemente para ser formas de ver el agua a trav\u00e9s de lo que necesariamente deben ser perspectivas interdisciplinarias. Tambi\u00e9n est\u00e1n dise\u00f1adas para mirar hacia el exterior en t\u00e9rminos de c\u00f3mo el agua puede ayudar a entender cuestiones m\u00e1s amplias relativas a nuestro medio ambiente y a las interacciones entre el hombre y el medio ambiente. <\/p>\n<p><b>URL<\/b>: <a href=\"https:\/\/onlinelibrary.wiley.com\/journal\/20491948\" target=\"_blank\" rel=\"noopener\"><i>https:\/\/onlinelibrary.wiley.com\/journal\/20491948 <\/i><\/a><br \/>\n <\/div><\/div>\n<div class=\"su-spoiler su-spoiler-style-default su-spoiler-icon-plus su-spoiler-closed\" data-scroll-offset=\"0\" data-anchor-in-url=\"no\"><div class=\"su-spoiler-title\" tabindex=\"0\" role=\"button\"><span class=\"su-spoiler-icon\"><\/span><b>3.- ISO 31000 Sistemas de Gesti\u00f3n de Riesgos <\/b><\/div><div class=\"su-spoiler-content su-u-clearfix su-u-trim\">\n<p align=\"justify\"><b>SJR \/ H \u2013 INDEX<\/b>: 2.413 \/ (24) <img decoding=\"async\" src=\"http:\/\/www.cent.uo.edu.cu\/cemzoc-uo\/files\/2021\/06\/QQ1.png\" width=\"30\" height=\"30\"><\/p>\n<p align=\"justify\"><b>\u00c1REA TEM\u00c1TICA Y CATEGOR\u00cdA<\/b>:Ciencias Agr\u00edcolas y Biol\u00f3gicas (Ciencias Acu\u00e1ticas), Ciencias de la Tierra y Planetarias (Oceanograf\u00eda), Ingenier\u00eda (Ingenier\u00eda Oce\u00e1nica), Ciencias Ambientales (Ecolog\u00eda, Gesti\u00f3n, Vigilancia, Pol\u00edtica y Derecho, Ciencia y Tecnolog\u00eda del Agua) <\/p>\n<p align=\"justify\"><b>ALCANCE<\/b>:De WIREs se encuentra en las interfaces entre cinco temas intelectuales muy diferentes: la ciencia b\u00e1sica del agua, su f\u00edsica y qu\u00edmica, su flujo y las cosas que transfiere y transforma; la vida en el agua y la dependencia de los ecosistemas y organismos del agua para sobrevivir y prosperar; la ingenier\u00eda del agua para proporcionar servicios y proteger a la sociedad; las personas que viven, experimentan y gestionan el entorno del agua; y las interpretaciones que, como sociedad, hemos aportado al agua a trav\u00e9s del arte, la religi\u00f3n y la historia y que, a su vez, conforman la forma en que llegamos a entenderla. Estas interfaces no est\u00e1n dise\u00f1adas simplemente para ser formas de ver el agua a trav\u00e9s de lo que necesariamente deben ser perspectivas interdisciplinarias. Tambi\u00e9n est\u00e1n dise\u00f1adas para mirar hacia el exterior en t\u00e9rminos de c\u00f3mo el agua puede ayudar a entender cuestiones m\u00e1s amplias relativas a nuestro medio ambiente y a las interacciones entre el hombre y el medio ambiente. <\/p>\n<p><b>URL<\/b>: <a href=\"https:\/\/onlinelibrary.wiley.com\/journal\/20491948\" target=\"_blank\" rel=\"noopener\"><i>https:\/\/onlinelibrary.wiley.com\/journal\/20491948 <\/i><\/a><br \/>\n <\/div><\/div>\n<div class=\"su-spoiler su-spoiler-style-default su-spoiler-icon-plus su-spoiler-closed\" data-scroll-offset=\"0\" data-anchor-in-url=\"no\"><div class=\"su-spoiler-title\" tabindex=\"0\" role=\"button\"><span class=\"su-spoiler-icon\"><\/span><b>4.- ISO 38200 lucha contra la deforestaci\u00f3n: proteger los bosques para salvar el clima <\/b><\/div><div class=\"su-spoiler-content su-u-clearfix su-u-trim\">\n<p align=\"justify\"><b>SJR \/ H \u2013 INDEX<\/b>: 2.413 \/ (24) <img decoding=\"async\" src=\"http:\/\/www.cent.uo.edu.cu\/cemzoc-uo\/files\/2021\/06\/QQ1.png\" width=\"30\" height=\"30\"><\/p>\n<p align=\"justify\"><b>\u00c1REA TEM\u00c1TICA Y CATEGOR\u00cdA<\/b>:Ciencias Agr\u00edcolas y Biol\u00f3gicas (Ciencias Acu\u00e1ticas), Ciencias de la Tierra y Planetarias (Oceanograf\u00eda), Ingenier\u00eda (Ingenier\u00eda Oce\u00e1nica), Ciencias Ambientales (Ecolog\u00eda, Gesti\u00f3n, Vigilancia, Pol\u00edtica y Derecho, Ciencia y Tecnolog\u00eda del Agua) <\/p>\n<p align=\"justify\"><b>ALCANCE<\/b>:De WIREs se encuentra en las interfaces entre cinco temas intelectuales muy diferentes: la ciencia b\u00e1sica del agua, su f\u00edsica y qu\u00edmica, su flujo y las cosas que transfiere y transforma; la vida en el agua y la dependencia de los ecosistemas y organismos del agua para sobrevivir y prosperar; la ingenier\u00eda del agua para proporcionar servicios y proteger a la sociedad; las personas que viven, experimentan y gestionan el entorno del agua; y las interpretaciones que, como sociedad, hemos aportado al agua a trav\u00e9s del arte, la religi\u00f3n y la historia y que, a su vez, conforman la forma en que llegamos a entenderla. Estas interfaces no est\u00e1n dise\u00f1adas simplemente para ser formas de ver el agua a trav\u00e9s de lo que necesariamente deben ser perspectivas interdisciplinarias. Tambi\u00e9n est\u00e1n dise\u00f1adas para mirar hacia el exterior en t\u00e9rminos de c\u00f3mo el agua puede ayudar a entender cuestiones m\u00e1s amplias relativas a nuestro medio ambiente y a las interacciones entre el hombre y el medio ambiente. <\/p>\n<p><b>URL<\/b>: <a href=\"https:\/\/onlinelibrary.wiley.com\/journal\/20491948\" target=\"_blank\" rel=\"noopener\"><i>https:\/\/onlinelibrary.wiley.com\/journal\/20491948 <\/i><\/a><br \/>\n <\/div><\/div>\n<\/div>\n\n\n\n<p class=\"has-text-align-left\"><\/div>\n<div class=\"su-tabs-pane su-u-clearfix su-u-trim\" data-title=\"Resoluciones\">\n\n\n\n<p><\/p>\n\n\n\n<p class=\"has-text-align-left\"><\/div>\n<div class=\"su-tabs-pane su-u-clearfix su-u-trim\" data-title=\"Leyes\">\n\n\n\n<p class=\"has-text-align-left\"><\/p>\n\n\n\n<p class=\"has-text-align-left\"><\/p>\n\n\n\n<p class=\"has-text-align-left\"><\/div>\n<div class=\"su-tabs-pane su-u-clearfix su-u-trim\" data-title=\"Cambio Clim\u00e1tico\">\n\n\n<div class=\"su-accordion su-u-trim\">\n<div class=\"su-spoiler su-spoiler-style-default su-spoiler-icon-plus su-spoiler-closed\" data-scroll-offset=\"0\" data-anchor-in-url=\"no\"><div class=\"su-spoiler-title\" tabindex=\"0\" role=\"button\"><span class=\"su-spoiler-icon\"><\/span><b>1.- Verificaci\u00f3n Huella de Carbono <\/b><\/div><div class=\"su-spoiler-content su-u-clearfix su-u-trim\">\n<p align=\"justify\"><b>DESCRIPCI\u00d3N<\/b>: Ciencias Agr\u00edcolas y Biol\u00f3gicas (Ciencias Acu\u00e1ticas, Ecolog\u00eda, Evoluci\u00f3n, Comportamiento y Sistem\u00e1tica), Ciencias de la Tierra y Planetarias (Oceanograf\u00eda), Ciencias Ambientales (Gesti\u00f3n, Vigilancia, Pol\u00edtica y Derecho)<\/p>\n<p><b>URL<\/b>: <a href=\"https:\/\/onlinelibrary.wiley.com\/journal\/14672979\" target=\"_blank\" rel=\"noopener\"><i>https:\/\/onlinelibrary.wiley.com\/journal\/14672979<\/i><\/a><br \/>\n<\/div><\/div>\n<div class=\"su-spoiler su-spoiler-style-default su-spoiler-icon-plus su-spoiler-closed\" data-scroll-offset=\"0\" data-anchor-in-url=\"no\"><div class=\"su-spoiler-title\" tabindex=\"0\" role=\"button\"><span class=\"su-spoiler-icon\"><\/span><b>2.- Verificaci\u00f3n de Gases de Efecto Invernadero (GEI) <\/b><\/div><div class=\"su-spoiler-content su-u-clearfix su-u-trim\">\n<p align=\"justify\"><b>DESCRIPCI\u00d3N<\/b>: Ciencias Agr\u00edcolas y Biol\u00f3gicas (Ciencias Acu\u00e1ticas, Ecolog\u00eda, Evoluci\u00f3n, Comportamiento y Sistem\u00e1tica), Ciencias de la Tierra y Planetarias (Oceanograf\u00eda), Ciencias Ambientales (Gesti\u00f3n, Vigilancia, Pol\u00edtica y Derecho)<\/p>\n<p><b>URL<\/b>: <a href=\"https:\/\/onlinelibrary.wiley.com\/journal\/14672979\" target=\"_blank\" rel=\"noopener\"><i>https:\/\/onlinelibrary.wiley.com\/journal\/14672979<\/i><\/a><br \/>\n<\/div><\/div>\n<div class=\"su-spoiler su-spoiler-style-default su-spoiler-icon-plus su-spoiler-closed\" data-scroll-offset=\"0\" data-anchor-in-url=\"no\"><div class=\"su-spoiler-title\" tabindex=\"0\" role=\"button\"><span class=\"su-spoiler-icon\"><\/span><b>3.- Ecodise\u00f1o <\/b><\/div><div class=\"su-spoiler-content su-u-clearfix su-u-trim\">\n<p align=\"justify\"><b>DESCRIPCI\u00d3N<\/b>: Ciencias Agr\u00edcolas y Biol\u00f3gicas (Ciencias Acu\u00e1ticas, Ecolog\u00eda, Evoluci\u00f3n, Comportamiento y Sistem\u00e1tica), Ciencias de la Tierra y Planetarias (Oceanograf\u00eda), Ciencias Ambientales (Gesti\u00f3n, Vigilancia, Pol\u00edtica y Derecho)<\/p>\n<p><b>URL<\/b>: <a href=\"https:\/\/onlinelibrary.wiley.com\/journal\/14672979\" target=\"_blank\" rel=\"noopener\"><i>https:\/\/onlinelibrary.wiley.com\/journal\/14672979<\/i><\/a><br \/>\n<\/div><\/div>\n<div class=\"su-spoiler su-spoiler-style-default su-spoiler-icon-plus su-spoiler-closed\" data-scroll-offset=\"0\" data-anchor-in-url=\"no\"><div class=\"su-spoiler-title\" tabindex=\"0\" role=\"button\"><span class=\"su-spoiler-icon\"><\/span><b>4.- Econom\u00eda Circular <\/b><\/div><div class=\"su-spoiler-content su-u-clearfix su-u-trim\">\n<p align=\"justify\"><b>DESCRIPCI\u00d3N<\/b>: Ciencias Agr\u00edcolas y Biol\u00f3gicas (Ciencias Acu\u00e1ticas, Ecolog\u00eda, Evoluci\u00f3n, Comportamiento y Sistem\u00e1tica), Ciencias de la Tierra y Planetarias (Oceanograf\u00eda), Ciencias Ambientales (Gesti\u00f3n, Vigilancia, Pol\u00edtica y Derecho)<\/p>\n<p><b>URL<\/b>: <a href=\"https:\/\/onlinelibrary.wiley.com\/journal\/14672979\" target=\"_blank\" rel=\"noopener\"><i>https:\/\/onlinelibrary.wiley.com\/journal\/14672979<\/i><\/a><br \/>\n<\/div><\/div>\n<\/div>\n\n\n\n<p class=\"has-text-align-left\"><\/div><\/div><\/div>\n\n\n\n<p><\/p>\n","protected":false},"excerpt":{"rendered":"","protected":false},"author":1,"featured_media":0,"parent":0,"menu_order":0,"comment_status":"closed","ping_status":"closed","template":"","meta":{"footnotes":""},"class_list":["post-13","page","type-page","status-publish","hentry"],"rttpg_featured_image_url":null,"rttpg_author":{"display_name":"jorgemesa","author_link":"https:\/\/observatorios.uo.edu.cu\/cemzoc\/author\/jorgemesa\/"},"rttpg_comment":0,"rttpg_category":null,"rttpg_excerpt":null,"_links":{"self":[{"href":"https:\/\/observatorios.uo.edu.cu\/cemzoc\/wp-json\/wp\/v2\/pages\/13","targetHints":{"allow":["GET"]}}],"collection":[{"href":"https:\/\/observatorios.uo.edu.cu\/cemzoc\/wp-json\/wp\/v2\/pages"}],"about":[{"href":"https:\/\/observatorios.uo.edu.cu\/cemzoc\/wp-json\/wp\/v2\/types\/page"}],"author":[{"embeddable":true,"href":"https:\/\/observatorios.uo.edu.cu\/cemzoc\/wp-json\/wp\/v2\/users\/1"}],"replies":[{"embeddable":true,"href":"https:\/\/observatorios.uo.edu.cu\/cemzoc\/wp-json\/wp\/v2\/comments?post=13"}],"version-history":[{"count":3,"href":"https:\/\/observatorios.uo.edu.cu\/cemzoc\/wp-json\/wp\/v2\/pages\/13\/revisions"}],"predecessor-version":[{"id":184,"href":"https:\/\/observatorios.uo.edu.cu\/cemzoc\/wp-json\/wp\/v2\/pages\/13\/revisions\/184"}],"wp:attachment":[{"href":"https:\/\/observatorios.uo.edu.cu\/cemzoc\/wp-json\/wp\/v2\/media?parent=13"}],"curies":[{"name":"wp","href":"https:\/\/api.w.org\/{rel}","templated":true}]}}