{"id":153,"date":"2024-05-08T17:59:54","date_gmt":"2024-05-08T17:59:54","guid":{"rendered":"https:\/\/observatorios.uo.edu.cu\/cemzoc\/?page_id=153"},"modified":"2025-12-15T17:25:49","modified_gmt":"2025-12-15T17:25:49","slug":"alertas-y-notificaciones","status":"publish","type":"page","link":"https:\/\/observatorios.uo.edu.cu\/cemzoc\/alertas-y-notificaciones\/","title":{"rendered":"Corredor Biol\u00f3gico en el Caribe"},"content":{"rendered":"\n<p><strong>BioAtlas del Corredor Biol\u00f3gico en el Caribe<\/strong>.<\/p>\n\n\n\n<p>Es un&nbsp;<strong>mapa interactivo en l\u00ednea<\/strong>&nbsp;que permite visualizar y explorar informaci\u00f3n relacionada con este importante corredor ecol\u00f3gico que conecta h\u00e1bitats en la regi\u00f3n del Caribe. Su funci\u00f3n principal es mostrar datos geogr\u00e1ficos y biol\u00f3gicos (probablemente sobre biodiversidad, \u00e1reas protegidas, conectividad ecol\u00f3gica, etc.) de una manera accesible para la planificaci\u00f3n y educaci\u00f3n ambiental.<\/p>\n\n\n\n<iframe src=\"https:\/\/maps.cbcbio.org\/\" width=\"100%\" height=\"600\"> <\/iframe>\n\n\n\n<p>NASA<\/p>\n\n\n\n<p><\/p>\n\n\n\n<iframe src=\"https:\/\/worldview.earthdata.nasa.gov\/\" width=\"100%\" height=\"600\"> <\/iframe>\n\n\n\n<p>IPCC<\/p>\n\n\n\n<p><\/p>\n\n\n\n<iframe src=\"https:\/\/interactive-atlas.ipcc.ch\/\" width=\"100%\" height=\"600\"> <\/iframe>\n\n\n\n<p><\/p>\n\n\n\n<p>Mapping good practices around the world<\/p>\n\n\n\n<p><\/p>\n\n\n\n<iframe src=\"https:\/\/www.undrr.org\/words-into-action\/guide-multi-hazard-early-warning\/map#map-11\" width=\"100%\" height=\"600\"> <\/iframe>\n\n\n\n<p>Mapa de radar meteorol\u00f3gico en vivo<br><\/p>\n\n\n\n<iframe src=\"https:\/\/www.rainviewer.com\/map.html?loc=21.4879,-79.3063,5.200611939029647&#038;oCS=1&#038;c=3&#038;o=83&#038;lm=1&#038;layer=radar&#038;sm=1&#038;sn=1\" width=\"100%\" frameborder=\"0\" style=\"border:0;height:50vh;\" allowfullscreen><\/iframe>\n\n\n\n<p><\/p>\n","protected":false},"excerpt":{"rendered":"<p>BioAtlas del Corredor Biol\u00f3gico en el Caribe. Es un&nbsp;mapa interactivo en l\u00ednea&nbsp;que permite visualizar y explorar informaci\u00f3n relacionada con este importante corredor ecol\u00f3gico que conecta h\u00e1bitats en la regi\u00f3n del Caribe. Su funci\u00f3n principal es mostrar datos geogr\u00e1ficos y biol\u00f3gicos (probablemente sobre biodiversidad, \u00e1reas protegidas, conectividad ecol\u00f3gica, etc.) de una manera accesible para la planificaci\u00f3n [&hellip;]<\/p>\n","protected":false},"author":1,"featured_media":0,"parent":0,"menu_order":0,"comment_status":"closed","ping_status":"closed","template":"","meta":{"footnotes":""},"class_list":["post-153","page","type-page","status-publish","hentry"],"rttpg_featured_image_url":null,"rttpg_author":{"display_name":"jorgemesa","author_link":"https:\/\/observatorios.uo.edu.cu\/cemzoc\/author\/jorgemesa\/"},"rttpg_comment":0,"rttpg_category":null,"rttpg_excerpt":"BioAtlas del Corredor Biol\u00f3gico en el Caribe. Es un&nbsp;mapa interactivo en l\u00ednea&nbsp;que permite visualizar y explorar informaci\u00f3n relacionada con este importante corredor ecol\u00f3gico que conecta h\u00e1bitats en la regi\u00f3n del Caribe. Su funci\u00f3n principal es mostrar datos geogr\u00e1ficos y biol\u00f3gicos (probablemente sobre biodiversidad, \u00e1reas protegidas, conectividad ecol\u00f3gica, etc.) de una manera accesible para la planificaci\u00f3n&hellip;","_links":{"self":[{"href":"https:\/\/observatorios.uo.edu.cu\/cemzoc\/wp-json\/wp\/v2\/pages\/153","targetHints":{"allow":["GET"]}}],"collection":[{"href":"https:\/\/observatorios.uo.edu.cu\/cemzoc\/wp-json\/wp\/v2\/pages"}],"about":[{"href":"https:\/\/observatorios.uo.edu.cu\/cemzoc\/wp-json\/wp\/v2\/types\/page"}],"author":[{"embeddable":true,"href":"https:\/\/observatorios.uo.edu.cu\/cemzoc\/wp-json\/wp\/v2\/users\/1"}],"replies":[{"embeddable":true,"href":"https:\/\/observatorios.uo.edu.cu\/cemzoc\/wp-json\/wp\/v2\/comments?post=153"}],"version-history":[{"count":8,"href":"https:\/\/observatorios.uo.edu.cu\/cemzoc\/wp-json\/wp\/v2\/pages\/153\/revisions"}],"predecessor-version":[{"id":212,"href":"https:\/\/observatorios.uo.edu.cu\/cemzoc\/wp-json\/wp\/v2\/pages\/153\/revisions\/212"}],"wp:attachment":[{"href":"https:\/\/observatorios.uo.edu.cu\/cemzoc\/wp-json\/wp\/v2\/media?parent=153"}],"curies":[{"name":"wp","href":"https:\/\/api.w.org\/{rel}","templated":true}]}}