{"id":155,"date":"2024-05-08T18:01:18","date_gmt":"2024-05-08T18:01:18","guid":{"rendered":"https:\/\/observatorios.uo.edu.cu\/cemzoc\/?page_id=155"},"modified":"2024-05-08T18:01:18","modified_gmt":"2024-05-08T18:01:18","slug":"participacion-ciudadana","status":"publish","type":"page","link":"https:\/\/observatorios.uo.edu.cu\/cemzoc\/participacion-ciudadana\/","title":{"rendered":"Participaci\u00f3n Ciudadana"},"content":{"rendered":"\n<p>M\u00f3dulo que permita a los ciudadanos reportar observaciones sobre la din\u00e1mica costera en sus comunidades, contribuyendo as\u00ed a la generaci\u00f3n de datos participativos.<\/p>\n","protected":false},"excerpt":{"rendered":"<p>M\u00f3dulo que permita a los ciudadanos reportar observaciones sobre la din\u00e1mica costera en sus comunidades, contribuyendo as\u00ed a la generaci\u00f3n de datos participativos.<\/p>\n","protected":false},"author":1,"featured_media":0,"parent":0,"menu_order":0,"comment_status":"closed","ping_status":"closed","template":"","meta":{"footnotes":""},"class_list":["post-155","page","type-page","status-publish","hentry"],"rttpg_featured_image_url":null,"rttpg_author":{"display_name":"jorgemesa","author_link":"https:\/\/observatorios.uo.edu.cu\/cemzoc\/author\/jorgemesa\/"},"rttpg_comment":0,"rttpg_category":null,"rttpg_excerpt":"M\u00f3dulo que permita a los ciudadanos reportar observaciones sobre la din\u00e1mica costera en sus comunidades, contribuyendo as\u00ed a la generaci\u00f3n de datos participativos.","_links":{"self":[{"href":"https:\/\/observatorios.uo.edu.cu\/cemzoc\/wp-json\/wp\/v2\/pages\/155","targetHints":{"allow":["GET"]}}],"collection":[{"href":"https:\/\/observatorios.uo.edu.cu\/cemzoc\/wp-json\/wp\/v2\/pages"}],"about":[{"href":"https:\/\/observatorios.uo.edu.cu\/cemzoc\/wp-json\/wp\/v2\/types\/page"}],"author":[{"embeddable":true,"href":"https:\/\/observatorios.uo.edu.cu\/cemzoc\/wp-json\/wp\/v2\/users\/1"}],"replies":[{"embeddable":true,"href":"https:\/\/observatorios.uo.edu.cu\/cemzoc\/wp-json\/wp\/v2\/comments?post=155"}],"version-history":[{"count":1,"href":"https:\/\/observatorios.uo.edu.cu\/cemzoc\/wp-json\/wp\/v2\/pages\/155\/revisions"}],"predecessor-version":[{"id":156,"href":"https:\/\/observatorios.uo.edu.cu\/cemzoc\/wp-json\/wp\/v2\/pages\/155\/revisions\/156"}],"wp:attachment":[{"href":"https:\/\/observatorios.uo.edu.cu\/cemzoc\/wp-json\/wp\/v2\/media?parent=155"}],"curies":[{"name":"wp","href":"https:\/\/api.w.org\/{rel}","templated":true}]}}