{"id":2,"date":"2019-03-05T20:12:33","date_gmt":"2019-03-05T20:12:33","guid":{"rendered":"http:\/\/observatorios.uo.edu.cu\/cemzoc\/?page_id=2"},"modified":"2024-05-02T20:27:53","modified_gmt":"2024-05-02T20:27:53","slug":"pagina-ejemplo","status":"publish","type":"page","link":"https:\/\/observatorios.uo.edu.cu\/cemzoc\/","title":{"rendered":"Inicio"},"content":{"rendered":"\n<p><strong>Bienvenidos al Observatorio Cient\u00edfico de la Regi\u00f3n Sur Oriental de Cuba<\/strong><\/p>\n\n\n\n<p>En este espacio virtual, les damos la m\u00e1s cordial bienvenida al Observatorio Cient\u00edfico de la Regi\u00f3n Sur Oriental de Cuba, un centro de investigaci\u00f3n y monitoreo dedicado a la conservaci\u00f3n de los ecosistemas marino-costeros y la sostenibilidad de nuestros recursos naturales.<\/p>\n\n\n\n<p>Nuestro objetivo es generar conocimiento cient\u00edfico de calidad, promover la colaboraci\u00f3n interdisciplinaria y contribuir a la toma de decisiones informadas en materia de gesti\u00f3n ambiental y adaptaci\u00f3n al cambio clim\u00e1tico en nuestra regi\u00f3n. A trav\u00e9s de investigaciones rigurosas, monitoreo continuo y an\u00e1lisis especializados, trabajamos para proteger la biodiversidad, fortalecer la resiliencia de las comunidades locales y garantizar un futuro sostenible para las generaciones venideras.<\/p>\n\n\n\n<p>En el Observatorio Cient\u00edfico, nos enorgullece contar con un equipo multidisciplinario de investigadores apasionados por la ciencia y comprometidos con la conservaci\u00f3n del medio ambiente. Navega por nuestro sitio web para conocer m\u00e1s sobre nuestras actividades, proyectos en curso, publicaciones cient\u00edficas y eventos pr\u00f3ximos. \u00a1\u00danete a nosotros en esta importante misi\u00f3n de proteger y preservar los ecosistemas marino-costeros de la regi\u00f3n sur oriental de Cuba!<\/p>\n\n\n\n<p>\u00a1Explora, aprende y \u00fanete a nuestra comunidad cient\u00edfica comprometida con un futuro sostenible para todos!<\/p>\n","protected":false},"excerpt":{"rendered":"<p>Bienvenidos al Observatorio Cient\u00edfico de la Regi\u00f3n Sur Oriental de Cuba En este espacio virtual, les damos la m\u00e1s cordial bienvenida al Observatorio Cient\u00edfico de la Regi\u00f3n Sur Oriental de Cuba, un centro de investigaci\u00f3n y monitoreo dedicado a la conservaci\u00f3n de los ecosistemas marino-costeros y la sostenibilidad de nuestros recursos naturales. Nuestro objetivo es [&hellip;]<\/p>\n","protected":false},"author":20,"featured_media":0,"parent":0,"menu_order":0,"comment_status":"closed","ping_status":"closed","template":"","meta":{"footnotes":""},"class_list":["post-2","page","type-page","status-publish","hentry"],"rttpg_featured_image_url":null,"rttpg_author":{"display_name":"cemzoc","author_link":"https:\/\/observatorios.uo.edu.cu\/cemzoc\/author\/cemzoc\/"},"rttpg_comment":0,"rttpg_category":null,"rttpg_excerpt":"Bienvenidos al Observatorio Cient\u00edfico de la Regi\u00f3n Sur Oriental de Cuba En este espacio virtual, les damos la m\u00e1s cordial bienvenida al Observatorio Cient\u00edfico de la Regi\u00f3n Sur Oriental de Cuba, un centro de investigaci\u00f3n y monitoreo dedicado a la conservaci\u00f3n de los ecosistemas marino-costeros y la sostenibilidad de nuestros recursos naturales. Nuestro objetivo es&hellip;","_links":{"self":[{"href":"https:\/\/observatorios.uo.edu.cu\/cemzoc\/wp-json\/wp\/v2\/pages\/2","targetHints":{"allow":["GET"]}}],"collection":[{"href":"https:\/\/observatorios.uo.edu.cu\/cemzoc\/wp-json\/wp\/v2\/pages"}],"about":[{"href":"https:\/\/observatorios.uo.edu.cu\/cemzoc\/wp-json\/wp\/v2\/types\/page"}],"author":[{"embeddable":true,"href":"https:\/\/observatorios.uo.edu.cu\/cemzoc\/wp-json\/wp\/v2\/users\/20"}],"replies":[{"embeddable":true,"href":"https:\/\/observatorios.uo.edu.cu\/cemzoc\/wp-json\/wp\/v2\/comments?post=2"}],"version-history":[{"count":4,"href":"https:\/\/observatorios.uo.edu.cu\/cemzoc\/wp-json\/wp\/v2\/pages\/2\/revisions"}],"predecessor-version":[{"id":130,"href":"https:\/\/observatorios.uo.edu.cu\/cemzoc\/wp-json\/wp\/v2\/pages\/2\/revisions\/130"}],"wp:attachment":[{"href":"https:\/\/observatorios.uo.edu.cu\/cemzoc\/wp-json\/wp\/v2\/media?parent=2"}],"curies":[{"name":"wp","href":"https:\/\/api.w.org\/{rel}","templated":true}]}}