{"id":80,"date":"2019-04-25T13:29:04","date_gmt":"2019-04-25T13:29:04","guid":{"rendered":"http:\/\/observatorios.uo.edu.cu\/cemzoc\/?page_id=80"},"modified":"2024-05-08T15:36:18","modified_gmt":"2024-05-08T15:36:18","slug":"objetivos","status":"publish","type":"page","link":"https:\/\/observatorios.uo.edu.cu\/cemzoc\/objetivos\/","title":{"rendered":"Objetivos"},"content":{"rendered":"<p>Objetivo: Proporcionar una herramienta eficaz para el diagn\u00f3stico y la toma de decisiones en relaci\u00f3n con los desaf\u00edos del cambio clim\u00e1tico en los municipios costeros.<\/p>\n<p>El principal prop\u00f3sito de este Observatorio es recopilar, analizar y visualizar datos geogr\u00e1ficos relevantes para comprender y monitorear la din\u00e1mica costera en la regi\u00f3n. Esto incluye aspectos como la erosi\u00f3n, las inundaciones, los cambios en los manglares, playas, bah\u00edas, entre otros fen\u00f3menos relacionados. Al utilizar el SIG como medio de diagn\u00f3stico, se busca integrar informaci\u00f3n geoespacial actualizada y precisa, que permita comprender la evoluci\u00f3n de los riesgos costeros en el tiempo y su relaci\u00f3n con el cambio clim\u00e1tico.<\/p>\n<p>La importancia de este Observatorio radica en su capacidad para proporcionar a los gobiernos locales y otros actores involucrados una base s\u00f3lida de datos y an\u00e1lisis cient\u00edficos sobre la din\u00e1mica costera en la regi\u00f3n sur oriental de Cuba. Esto permitir\u00e1 una mejor comprensi\u00f3n de los impactos del cambio clim\u00e1tico en el territorio costero y, a su vez, facilitar\u00e1 la toma de decisiones informadas en la gesti\u00f3n del territorio y la planificaci\u00f3n del desarrollo sostenible.<\/p>\n<p>Al contar con informaci\u00f3n actualizada y precisa sobre los cambios en la din\u00e1mica costera, los gobiernos locales podr\u00e1n identificar \u00e1reas de mayor vulnerabilidad, evaluar los riesgos asociados y dise\u00f1ar estrategias de adaptaci\u00f3n y mitigaci\u00f3n efectivas. Adem\u00e1s, este Observatorio fomentar\u00e1 la colaboraci\u00f3n entre los diferentes actores involucrados, promoviendo un enfoque integral y participativo en la gesti\u00f3n del cambio clim\u00e1tico en los municipios costeros.<\/p>\n","protected":false},"excerpt":{"rendered":"<p>Objetivo: Proporcionar una herramienta eficaz para el diagn\u00f3stico y la toma de decisiones en relaci\u00f3n con los desaf\u00edos del cambio clim\u00e1tico en los municipios costeros. El principal prop\u00f3sito de este Observatorio es recopilar, analizar y visualizar datos geogr\u00e1ficos relevantes para comprender y monitorear la din\u00e1mica costera en la regi\u00f3n. Esto incluye aspectos como la erosi\u00f3n, [&hellip;]<\/p>\n","protected":false},"author":1,"featured_media":0,"parent":0,"menu_order":1,"comment_status":"closed","ping_status":"closed","template":"","meta":{"footnotes":""},"class_list":["post-80","page","type-page","status-publish","hentry"],"rttpg_featured_image_url":null,"rttpg_author":{"display_name":"jorgemesa","author_link":"https:\/\/observatorios.uo.edu.cu\/cemzoc\/author\/jorgemesa\/"},"rttpg_comment":0,"rttpg_category":null,"rttpg_excerpt":"Objetivo: Proporcionar una herramienta eficaz para el diagn\u00f3stico y la toma de decisiones en relaci\u00f3n con los desaf\u00edos del cambio clim\u00e1tico en los municipios costeros. El principal prop\u00f3sito de este Observatorio es recopilar, analizar y visualizar datos geogr\u00e1ficos relevantes para comprender y monitorear la din\u00e1mica costera en la regi\u00f3n. Esto incluye aspectos como la erosi\u00f3n,&hellip;","_links":{"self":[{"href":"https:\/\/observatorios.uo.edu.cu\/cemzoc\/wp-json\/wp\/v2\/pages\/80","targetHints":{"allow":["GET"]}}],"collection":[{"href":"https:\/\/observatorios.uo.edu.cu\/cemzoc\/wp-json\/wp\/v2\/pages"}],"about":[{"href":"https:\/\/observatorios.uo.edu.cu\/cemzoc\/wp-json\/wp\/v2\/types\/page"}],"author":[{"embeddable":true,"href":"https:\/\/observatorios.uo.edu.cu\/cemzoc\/wp-json\/wp\/v2\/users\/1"}],"replies":[{"embeddable":true,"href":"https:\/\/observatorios.uo.edu.cu\/cemzoc\/wp-json\/wp\/v2\/comments?post=80"}],"version-history":[{"count":2,"href":"https:\/\/observatorios.uo.edu.cu\/cemzoc\/wp-json\/wp\/v2\/pages\/80\/revisions"}],"predecessor-version":[{"id":141,"href":"https:\/\/observatorios.uo.edu.cu\/cemzoc\/wp-json\/wp\/v2\/pages\/80\/revisions\/141"}],"wp:attachment":[{"href":"https:\/\/observatorios.uo.edu.cu\/cemzoc\/wp-json\/wp\/v2\/media?parent=80"}],"curies":[{"name":"wp","href":"https:\/\/api.w.org\/{rel}","templated":true}]}}