{"id":133,"date":"2018-01-29T17:09:21","date_gmt":"2018-01-29T17:09:21","guid":{"rendered":"http:\/\/observatorios.uo.edu.cu\/cultural\/?page_id=133"},"modified":"2018-01-29T17:09:41","modified_gmt":"2018-01-29T17:09:41","slug":"productos","status":"publish","type":"page","link":"https:\/\/observatorios.uo.edu.cu\/cultural\/productos\/","title":{"rendered":"Productos"},"content":{"rendered":"<ul>\n<li><a href=\"http:\/\/observatorios.uo.edu.cu\/cultural\/el-visor\/\">Boletin cultural \u00abEl Visor\u00bb<\/a><\/li>\n<li>Anuario<\/li>\n<li>Boletin de divulgaci\u00f3n cient\u00edfica<\/li>\n<li>Informes de investigaci\u00f3n<\/li>\n<li>Ensayos<\/li>\n<li>Art\u00edculos<\/li>\n<li>Repositorios<\/li>\n<\/ul>\n","protected":false},"excerpt":{"rendered":"<p>Boletin cultural \u00abEl Visor\u00bb Anuario Boletin de divulgaci\u00f3n cient\u00edfica Informes de investigaci\u00f3n Ensayos Art\u00edculos Repositorios<\/p>\n","protected":false},"author":11,"featured_media":0,"parent":0,"menu_order":0,"comment_status":"closed","ping_status":"closed","template":"","meta":{"footnotes":""},"class_list":["post-133","page","type-page","status-publish","hentry"],"rttpg_featured_image_url":null,"rttpg_author":{"display_name":"larias","author_link":"https:\/\/observatorios.uo.edu.cu\/cultural\/author\/larias\/"},"rttpg_comment":0,"rttpg_category":null,"rttpg_excerpt":"Boletin cultural \u00abEl Visor\u00bb Anuario Boletin de divulgaci\u00f3n cient\u00edfica Informes de investigaci\u00f3n Ensayos Art\u00edculos Repositorios","_links":{"self":[{"href":"https:\/\/observatorios.uo.edu.cu\/cultural\/wp-json\/wp\/v2\/pages\/133","targetHints":{"allow":["GET"]}}],"collection":[{"href":"https:\/\/observatorios.uo.edu.cu\/cultural\/wp-json\/wp\/v2\/pages"}],"about":[{"href":"https:\/\/observatorios.uo.edu.cu\/cultural\/wp-json\/wp\/v2\/types\/page"}],"author":[{"embeddable":true,"href":"https:\/\/observatorios.uo.edu.cu\/cultural\/wp-json\/wp\/v2\/users\/11"}],"replies":[{"embeddable":true,"href":"https:\/\/observatorios.uo.edu.cu\/cultural\/wp-json\/wp\/v2\/comments?post=133"}],"version-history":[{"count":2,"href":"https:\/\/observatorios.uo.edu.cu\/cultural\/wp-json\/wp\/v2\/pages\/133\/revisions"}],"predecessor-version":[{"id":135,"href":"https:\/\/observatorios.uo.edu.cu\/cultural\/wp-json\/wp\/v2\/pages\/133\/revisions\/135"}],"wp:attachment":[{"href":"https:\/\/observatorios.uo.edu.cu\/cultural\/wp-json\/wp\/v2\/media?parent=133"}],"curies":[{"name":"wp","href":"https:\/\/api.w.org\/{rel}","templated":true}]}}