{"id":26,"date":"2018-01-17T17:02:22","date_gmt":"2018-01-17T17:02:22","guid":{"rendered":"http:\/\/observatorios.uo.edu.cu\/cultural\/?page_id=26"},"modified":"2018-01-17T17:05:08","modified_gmt":"2018-01-17T17:05:08","slug":"acerca-de-nosotros","status":"publish","type":"page","link":"https:\/\/observatorios.uo.edu.cu\/cultural\/acerca-de-nosotros\/","title":{"rendered":"Acerca de nosotros"},"content":{"rendered":"<p style=\"text-align: justify\">El observatorio cultural <a href=\"http:\/\/observatorios.uo.edu.cu\/cultural\/cenit\/\"><strong><em>C\u00e9nit<\/em><\/strong><\/a> es una unidad de observaci\u00f3n que asume como objeto el trabajo sociocultural universitario (Extensi\u00f3n Universitaria) y entiende \u00a0la noci\u00f3n de \u201ccultura\u201d \u00a0no desde un enfoque limitado al \u00e1mbito human\u00edstico, est\u00e9tico o \u00a8cultista\u00a8, en el cual se consideran solo las \u00a8manifestaciones m\u00e1s altas del esp\u00edritu y la creatividad humana en las bellas artes\u00a8, sino desde una perspectiva sociol\u00f3gica que abarca \u00a0\u00a8todas las expresiones productivas del ser humano, tecnol\u00f3gicas, econ\u00f3micas, art\u00edsticas \u2026\u00a8 (Pierre Pascalion) y que se asocia con :<\/p>\n<ul style=\"text-align: justify\">\n<li>\u201cel concepto abstracto que describe procesos de desarrollo intelectual, espiritual y est\u00e9ticos\u201d del acontecer humano, incluyendo la ciencia y la tecnolog\u00eda\u201d (T. R. \u00a0Austin Mill\u00e1n);<\/li>\n<li>\u201cel progreso intelectual y social del hombre en general, de las colectividades, de la humanidad\u201d (G. N. Fischer);<\/li>\n<li>\u201cla suma de conocimientos compartidos por una sociedad y que utiliza en forma pr\u00e1ctica o guarda en la mente de sus intelectuales [o colectividades, a\u00f1adir\u00eda esta autora]. Es decir, al total de conocimientos que posee acerca del mundo o del universo, incluyendo todas las artes, las ciencias exactas (matem\u00e1ticas, f\u00edsica, qu\u00edmica, etc.), las ciencias humanas (econom\u00eda, psicolog\u00eda, sociolog\u00eda, antropolog\u00eda, etc.) y filosof\u00eda\u201d (T. R. \u00a0Austin Mill\u00e1n).<\/li>\n<\/ul>\n<p style=\"text-align: justify\">El observatorio cultural\u00a0 <a href=\"http:\/\/observatorios.uo.edu.cu\/cultural\/cenit\/\"><strong><em>C\u00e9nit<\/em><\/strong><\/a> es una apuesta por el desarrollo cultural que deben potenciar nuestras instituciones de educaci\u00f3n superior hacia sus espacios y hacia su entorno social, su lugar y momento hist\u00f3ricos. Asimismo, es una apuesta por la integraci\u00f3n de saberes y actores que d\u00eda a d\u00eda en las universidades preservan, crean y deber\u00e1n promover cada vez m\u00e1s \u00a0cultura para el bien de todos.<\/p>\n<p style=\"text-align: justify\"><strong>Qui\u00e9nes somos<em>:<\/em><\/strong> un equipo de investigadores-promotores del trabajo sociocultural universitario que desde la Universidad de Oriente propician el perfeccionamiento de los instrumentos, resultados e impactos extensionistas de nuestras instituciones de educaci\u00f3n superior favoreciendo el desarrollo cultural.<\/p>\n<p style=\"text-align: justify\"><strong>Objetivo general<\/strong>: <em>fundamentar la instrumentaci\u00f3n de pol\u00edticas, as\u00ed como pr\u00e1cticas culturales viables, eficaces y coherentes con el modelo de la universidad y la sociedad cubanas a fin de contribuir al desarrollo humano sustentable de y desde la comunidad universitaria<\/em>.<\/p>\n<p style=\"text-align: justify\"><strong>Objetivo espec\u00edfico<\/strong>: <em>generar un sistema de informaci\u00f3n y gesti\u00f3n del conocimiento basado en\u00a0 estudios, indagaciones, monitoreos, banco de datos, productos comunicacionales y otras propuestas afines que permitan la retroalimentaci\u00f3n entre los gestores o decisores del trabajo cultural, el p\u00fablico universitario y la comunidad extrauniversitaria en pro del desarrollo cultural y humano<\/em>.<\/p>\n<p style=\"text-align: justify\"><strong>Misi\u00f3n<\/strong>: <em>propiciar el desarrollo cultural de la comunidad intra y extrauniversitaria a trav\u00e9s de un sistema de informaci\u00f3n o gesti\u00f3n del conocimiento, desplegado por expertos y especialistas que fomentan como caracter\u00edsticas distintivas la articulaci\u00f3n y la retroalimentaci\u00f3n.<\/em><\/p>\n<p style=\"text-align: justify\"><strong>Visi\u00f3n<\/strong>: <em>dentro de la red nacional de observatorios universitarios somos el principal referente que potencia el trabajo sociocultural universitario para el desarrollo de la comunidad intra y extrauniversitaria, con capacidad integradora, proactiva y elevado nivel de competencia.<\/em><\/p>\n<p style=\"text-align: justify\"><strong>Servicios<\/strong>:<\/p>\n<ol style=\"text-align: justify\">\n<li>Investigaci\u00f3n cient\u00edfica y cultural<\/li>\n<li>Monitoreo de procesos<\/li>\n<li>Promoci\u00f3n cient\u00edfica y cultural<\/li>\n<li>Revisiones bibliogr\u00e1ficas<\/li>\n<li>Publicaciones<\/li>\n<\/ol>\n<p style=\"text-align: justify\"><strong>Productos:<\/strong><\/p>\n<ol>\n<li style=\"text-align: justify\">Informes de investigaci\u00f3n<\/li>\n<li style=\"text-align: justify\">Ensayos<\/li>\n<li style=\"text-align: justify\">Art\u00edculos<\/li>\n<li style=\"text-align: justify\">Repositorios<\/li>\n<li style=\"text-align: justify\">Boletines<\/li>\n<li style=\"text-align: justify\">Anuarios<\/li>\n<\/ol>\n","protected":false},"excerpt":{"rendered":"<p>El observatorio cultural C\u00e9nit es una unidad de observaci\u00f3n que asume como objeto el trabajo sociocultural universitario (Extensi\u00f3n Universitaria) y entiende \u00a0la noci\u00f3n de \u201ccultura\u201d \u00a0no desde un enfoque limitado al \u00e1mbito human\u00edstico, est\u00e9tico o \u00a8cultista\u00a8, en el cual se consideran solo las \u00a8manifestaciones m\u00e1s altas del esp\u00edritu y la creatividad humana en las bellas &hellip; <a href=\"https:\/\/observatorios.uo.edu.cu\/cultural\/acerca-de-nosotros\/\" class=\"more-link\">Continuar leyendo<span class=\"screen-reader-text\"> \u00abAcerca de nosotros\u00bb<\/span><\/a><\/p>\n","protected":false},"author":11,"featured_media":0,"parent":0,"menu_order":0,"comment_status":"closed","ping_status":"closed","template":"","meta":{"footnotes":""},"class_list":["post-26","page","type-page","status-publish","hentry"],"rttpg_featured_image_url":null,"rttpg_author":{"display_name":"larias","author_link":"https:\/\/observatorios.uo.edu.cu\/cultural\/author\/larias\/"},"rttpg_comment":0,"rttpg_category":null,"rttpg_excerpt":"El observatorio cultural C\u00e9nit es una unidad de observaci\u00f3n que asume como objeto el trabajo sociocultural universitario (Extensi\u00f3n Universitaria) y entiende \u00a0la noci\u00f3n de \u201ccultura\u201d \u00a0no desde un enfoque limitado al \u00e1mbito human\u00edstico, est\u00e9tico o \u00a8cultista\u00a8, en el cual se consideran solo las \u00a8manifestaciones m\u00e1s altas del esp\u00edritu y la creatividad humana en las bellas&hellip;","_links":{"self":[{"href":"https:\/\/observatorios.uo.edu.cu\/cultural\/wp-json\/wp\/v2\/pages\/26","targetHints":{"allow":["GET"]}}],"collection":[{"href":"https:\/\/observatorios.uo.edu.cu\/cultural\/wp-json\/wp\/v2\/pages"}],"about":[{"href":"https:\/\/observatorios.uo.edu.cu\/cultural\/wp-json\/wp\/v2\/types\/page"}],"author":[{"embeddable":true,"href":"https:\/\/observatorios.uo.edu.cu\/cultural\/wp-json\/wp\/v2\/users\/11"}],"replies":[{"embeddable":true,"href":"https:\/\/observatorios.uo.edu.cu\/cultural\/wp-json\/wp\/v2\/comments?post=26"}],"version-history":[{"count":3,"href":"https:\/\/observatorios.uo.edu.cu\/cultural\/wp-json\/wp\/v2\/pages\/26\/revisions"}],"predecessor-version":[{"id":31,"href":"https:\/\/observatorios.uo.edu.cu\/cultural\/wp-json\/wp\/v2\/pages\/26\/revisions\/31"}],"wp:attachment":[{"href":"https:\/\/observatorios.uo.edu.cu\/cultural\/wp-json\/wp\/v2\/media?parent=26"}],"curies":[{"name":"wp","href":"https:\/\/api.w.org\/{rel}","templated":true}]}}