{"id":43,"date":"2018-01-17T17:24:00","date_gmt":"2018-01-17T17:24:00","guid":{"rendered":"http:\/\/observatorios.uo.edu.cu\/cultural\/?page_id=43"},"modified":"2018-01-17T17:24:00","modified_gmt":"2018-01-17T17:24:00","slug":"lineas-de-investigacion","status":"publish","type":"page","link":"https:\/\/observatorios.uo.edu.cu\/cultural\/lineas-de-investigacion\/","title":{"rendered":"L\u00edneas de investigaci\u00f3n"},"content":{"rendered":"<ol>\n<li>Pol\u00edticas culturales y gesti\u00f3n extensionista<\/li>\n<li>Dimensi\u00f3n social de la ciencia y la tecnolog\u00eda<\/li>\n<li>Identidad y patrimonio<\/li>\n<li>Desarrollo local y sustentable<\/li>\n<li>Arte y comunicaci\u00f3n para el desarrollo<\/li>\n<\/ol>\n","protected":false},"excerpt":{"rendered":"<p>Pol\u00edticas culturales y gesti\u00f3n extensionista Dimensi\u00f3n social de la ciencia y la tecnolog\u00eda Identidad y patrimonio Desarrollo local y sustentable Arte y comunicaci\u00f3n para el desarrollo<\/p>\n","protected":false},"author":11,"featured_media":0,"parent":0,"menu_order":0,"comment_status":"closed","ping_status":"closed","template":"","meta":{"footnotes":""},"class_list":["post-43","page","type-page","status-publish","hentry"],"rttpg_featured_image_url":null,"rttpg_author":{"display_name":"larias","author_link":"https:\/\/observatorios.uo.edu.cu\/cultural\/author\/larias\/"},"rttpg_comment":0,"rttpg_category":null,"rttpg_excerpt":"Pol\u00edticas culturales y gesti\u00f3n extensionista Dimensi\u00f3n social de la ciencia y la tecnolog\u00eda Identidad y patrimonio Desarrollo local y sustentable Arte y comunicaci\u00f3n para el desarrollo","_links":{"self":[{"href":"https:\/\/observatorios.uo.edu.cu\/cultural\/wp-json\/wp\/v2\/pages\/43","targetHints":{"allow":["GET"]}}],"collection":[{"href":"https:\/\/observatorios.uo.edu.cu\/cultural\/wp-json\/wp\/v2\/pages"}],"about":[{"href":"https:\/\/observatorios.uo.edu.cu\/cultural\/wp-json\/wp\/v2\/types\/page"}],"author":[{"embeddable":true,"href":"https:\/\/observatorios.uo.edu.cu\/cultural\/wp-json\/wp\/v2\/users\/11"}],"replies":[{"embeddable":true,"href":"https:\/\/observatorios.uo.edu.cu\/cultural\/wp-json\/wp\/v2\/comments?post=43"}],"version-history":[{"count":1,"href":"https:\/\/observatorios.uo.edu.cu\/cultural\/wp-json\/wp\/v2\/pages\/43\/revisions"}],"predecessor-version":[{"id":44,"href":"https:\/\/observatorios.uo.edu.cu\/cultural\/wp-json\/wp\/v2\/pages\/43\/revisions\/44"}],"wp:attachment":[{"href":"https:\/\/observatorios.uo.edu.cu\/cultural\/wp-json\/wp\/v2\/media?parent=43"}],"curies":[{"name":"wp","href":"https:\/\/api.w.org\/{rel}","templated":true}]}}