{"id":76,"date":"2018-01-22T16:18:34","date_gmt":"2018-01-22T16:18:34","guid":{"rendered":"http:\/\/observatorios.uo.edu.cu\/cultural\/?page_id=76"},"modified":"2018-03-27T18:00:09","modified_gmt":"2018-03-27T18:00:09","slug":"informes-especializados","status":"publish","type":"page","link":"https:\/\/observatorios.uo.edu.cu\/cultural\/informes-especializados\/","title":{"rendered":"Informes Especializados"},"content":{"rendered":"<p><a href=\"http:\/\/observatorios.uo.edu.cu\/cultural\/wp-content\/uploads\/sites\/4\/2018\/01\/Aproximaciones-cr\u00edtico-bibliogr\u00e1ficas-sobre-sistemas-de-evaluaci\u00f3n-de-la-EU.pdf\">Aproximaciones-cr\u00edtico-bibliogr\u00e1ficas-sobre-sistemas-de-evaluaci\u00f3n-de-la-EU<\/a><\/p>\n<p><a href=\"http:\/\/observatorios.uo.edu.cu\/cultural\/wp-content\/uploads\/sites\/4\/2018\/01\/IE.-Informe-de-Encuesta-de-satisfacci\u00f3n-EU.pdf\">IE.-Informe-de-Encuesta-de-satisfacci\u00f3n-EU<\/a><\/p>\n<p><a href=\"http:\/\/observatorios.uo.edu.cu\/cultural\/wp-content\/uploads\/sites\/4\/2018\/01\/Proyecto-Juventud...-CEDIC.pdf\">Proyecto-Juventud&#8230;-CEDIC<\/a><\/p>\n","protected":false},"excerpt":{"rendered":"<p>Aproximaciones-cr\u00edtico-bibliogr\u00e1ficas-sobre-sistemas-de-evaluaci\u00f3n-de-la-EU IE.-Informe-de-Encuesta-de-satisfacci\u00f3n-EU Proyecto-Juventud&#8230;-CEDIC<\/p>\n","protected":false},"author":11,"featured_media":0,"parent":0,"menu_order":0,"comment_status":"closed","ping_status":"closed","template":"","meta":{"footnotes":""},"class_list":["post-76","page","type-page","status-publish","hentry"],"rttpg_featured_image_url":null,"rttpg_author":{"display_name":"larias","author_link":"https:\/\/observatorios.uo.edu.cu\/cultural\/author\/larias\/"},"rttpg_comment":0,"rttpg_category":null,"rttpg_excerpt":"Aproximaciones-cr\u00edtico-bibliogr\u00e1ficas-sobre-sistemas-de-evaluaci\u00f3n-de-la-EU IE.-Informe-de-Encuesta-de-satisfacci\u00f3n-EU Proyecto-Juventud&#8230;-CEDIC","_links":{"self":[{"href":"https:\/\/observatorios.uo.edu.cu\/cultural\/wp-json\/wp\/v2\/pages\/76","targetHints":{"allow":["GET"]}}],"collection":[{"href":"https:\/\/observatorios.uo.edu.cu\/cultural\/wp-json\/wp\/v2\/pages"}],"about":[{"href":"https:\/\/observatorios.uo.edu.cu\/cultural\/wp-json\/wp\/v2\/types\/page"}],"author":[{"embeddable":true,"href":"https:\/\/observatorios.uo.edu.cu\/cultural\/wp-json\/wp\/v2\/users\/11"}],"replies":[{"embeddable":true,"href":"https:\/\/observatorios.uo.edu.cu\/cultural\/wp-json\/wp\/v2\/comments?post=76"}],"version-history":[{"count":3,"href":"https:\/\/observatorios.uo.edu.cu\/cultural\/wp-json\/wp\/v2\/pages\/76\/revisions"}],"predecessor-version":[{"id":225,"href":"https:\/\/observatorios.uo.edu.cu\/cultural\/wp-json\/wp\/v2\/pages\/76\/revisions\/225"}],"wp:attachment":[{"href":"https:\/\/observatorios.uo.edu.cu\/cultural\/wp-json\/wp\/v2\/media?parent=76"}],"curies":[{"name":"wp","href":"https:\/\/api.w.org\/{rel}","templated":true}]}}