{"id":83,"date":"2018-01-22T16:26:14","date_gmt":"2018-01-22T16:26:14","guid":{"rendered":"http:\/\/observatorios.uo.edu.cu\/cultural\/?page_id=83"},"modified":"2018-01-22T17:06:10","modified_gmt":"2018-01-22T17:06:10","slug":"pautas","status":"publish","type":"page","link":"https:\/\/observatorios.uo.edu.cu\/cultural\/pautas\/","title":{"rendered":"Pautas"},"content":{"rendered":"<p><a href=\"http:\/\/observatorios.uo.edu.cu\/cultural\/wp-content\/uploads\/sites\/4\/2018\/01\/5-CONTRIBUCI\u00d3N-DE-ELSA-BEATRIZ-ACEVEDO.pdf\">5-CONTRIBUCI\u00d3N-DE-ELSA-BEATRIZ-ACEVEDO<\/a><\/p>\n<p><a href=\"http:\/\/observatorios.uo.edu.cu\/cultural\/wp-content\/uploads\/sites\/4\/2018\/01\/EC.-Compilaci\u00f3n-Programas-de-desarrollo-sociocultural.pdf\">EC.-Compilaci\u00f3n-Programas-de-desarrollo-sociocultural<\/a><\/p>\n<p><a href=\"http:\/\/observatorios.uo.edu.cu\/cultural\/wp-content\/uploads\/sites\/4\/2018\/01\/EC.-Diplomado-avanzado-en-misi\u00f3n-visi\u00f3n-prioridades-y-estrategia.pdf\">EC.-Diplomado-avanzado-en-misi\u00f3n-visi\u00f3n-prioridades-y-estrategia<\/a><\/p>\n<p><a href=\"http:\/\/observatorios.uo.edu.cu\/cultural\/wp-content\/uploads\/sites\/4\/2018\/01\/EC.-Gu\u00eda-para-proyectos-soc-y-cult.pdf\">EC.-Gu\u00eda-para-proyectos-soc-y-cult<\/a><\/p>\n<p><a href=\"http:\/\/observatorios.uo.edu.cu\/cultural\/wp-content\/uploads\/sites\/4\/2018\/01\/Importancia-de-la-ASC-para-el-trabajo-comunitario..pdf\">Importancia-de-la-ASC-para-el-trabajo-comunitario.<\/a><\/p>\n<p><a href=\"http:\/\/observatorios.uo.edu.cu\/cultural\/wp-content\/uploads\/sites\/4\/2018\/01\/Indicadores-de-gesti\u00f3n-para-las-entidades-p\u00fablicas.pdf\">Indicadores-de-gesti\u00f3n-para-las-entidades-p\u00fablicas<\/a><\/p>\n<p><a href=\"http:\/\/observatorios.uo.edu.cu\/cultural\/wp-content\/uploads\/sites\/4\/2018\/01\/Libro-El-trabajo-comunitario.pdf\">Libro-El-trabajo-comunitario<\/a><\/p>\n<p><a href=\"http:\/\/observatorios.uo.edu.cu\/cultural\/wp-content\/uploads\/sites\/4\/2018\/01\/NIVELES.pdf\">NIVELES<\/a><\/p>\n<p><a href=\"http:\/\/observatorios.uo.edu.cu\/cultural\/wp-content\/uploads\/sites\/4\/2018\/01\/Qu\u00e9-es-un-proyecto-de-desarrollo.pdf\">Qu\u00e9-es-un-proyecto-de-desarrollo<\/a><\/p>\n","protected":false},"excerpt":{"rendered":"<p>5-CONTRIBUCI\u00d3N-DE-ELSA-BEATRIZ-ACEVEDO EC.-Compilaci\u00f3n-Programas-de-desarrollo-sociocultural EC.-Diplomado-avanzado-en-misi\u00f3n-visi\u00f3n-prioridades-y-estrategia EC.-Gu\u00eda-para-proyectos-soc-y-cult Importancia-de-la-ASC-para-el-trabajo-comunitario. Indicadores-de-gesti\u00f3n-para-las-entidades-p\u00fablicas Libro-El-trabajo-comunitario NIVELES Qu\u00e9-es-un-proyecto-de-desarrollo<\/p>\n","protected":false},"author":11,"featured_media":0,"parent":0,"menu_order":0,"comment_status":"closed","ping_status":"closed","template":"","meta":{"footnotes":""},"class_list":["post-83","page","type-page","status-publish","hentry"],"rttpg_featured_image_url":null,"rttpg_author":{"display_name":"larias","author_link":"https:\/\/observatorios.uo.edu.cu\/cultural\/author\/larias\/"},"rttpg_comment":0,"rttpg_category":null,"rttpg_excerpt":"5-CONTRIBUCI\u00d3N-DE-ELSA-BEATRIZ-ACEVEDO EC.-Compilaci\u00f3n-Programas-de-desarrollo-sociocultural EC.-Diplomado-avanzado-en-misi\u00f3n-visi\u00f3n-prioridades-y-estrategia EC.-Gu\u00eda-para-proyectos-soc-y-cult Importancia-de-la-ASC-para-el-trabajo-comunitario. Indicadores-de-gesti\u00f3n-para-las-entidades-p\u00fablicas Libro-El-trabajo-comunitario NIVELES Qu\u00e9-es-un-proyecto-de-desarrollo","_links":{"self":[{"href":"https:\/\/observatorios.uo.edu.cu\/cultural\/wp-json\/wp\/v2\/pages\/83","targetHints":{"allow":["GET"]}}],"collection":[{"href":"https:\/\/observatorios.uo.edu.cu\/cultural\/wp-json\/wp\/v2\/pages"}],"about":[{"href":"https:\/\/observatorios.uo.edu.cu\/cultural\/wp-json\/wp\/v2\/types\/page"}],"author":[{"embeddable":true,"href":"https:\/\/observatorios.uo.edu.cu\/cultural\/wp-json\/wp\/v2\/users\/11"}],"replies":[{"embeddable":true,"href":"https:\/\/observatorios.uo.edu.cu\/cultural\/wp-json\/wp\/v2\/comments?post=83"}],"version-history":[{"count":3,"href":"https:\/\/observatorios.uo.edu.cu\/cultural\/wp-json\/wp\/v2\/pages\/83\/revisions"}],"predecessor-version":[{"id":130,"href":"https:\/\/observatorios.uo.edu.cu\/cultural\/wp-json\/wp\/v2\/pages\/83\/revisions\/130"}],"wp:attachment":[{"href":"https:\/\/observatorios.uo.edu.cu\/cultural\/wp-json\/wp\/v2\/media?parent=83"}],"curies":[{"name":"wp","href":"https:\/\/api.w.org\/{rel}","templated":true}]}}