{"id":1793,"date":"2023-10-03T18:12:43","date_gmt":"2023-10-03T18:12:43","guid":{"rendered":"https:\/\/observatorios.uo.edu.cu\/desarrollosocial\/?page_id=1793"},"modified":"2023-10-03T18:16:10","modified_gmt":"2023-10-03T18:16:10","slug":"servicios","status":"publish","type":"page","link":"https:\/\/observatorios.uo.edu.cu\/desarrollosocial\/servicios\/","title":{"rendered":"Servicios"},"content":{"rendered":"\t\t<div data-elementor-type=\"wp-page\" data-elementor-id=\"1793\" class=\"elementor elementor-1793\">\n\t\t\t\t\t\t<section class=\"elementor-section elementor-top-section elementor-element elementor-element-79dde01 elementor-section-boxed elementor-section-height-default elementor-section-height-default\" data-id=\"79dde01\" data-element_type=\"section\" data-e-type=\"section\" data-settings=\"{&quot;background_background&quot;:&quot;classic&quot;}\">\n\t\t\t\t\t\t\t<div class=\"elementor-background-overlay\"><\/div>\n\t\t\t\t\t\t\t<div class=\"elementor-container elementor-column-gap-no\">\n\t\t\t\t\t<div class=\"elementor-column elementor-col-100 elementor-top-column elementor-element elementor-element-80293b9\" data-id=\"80293b9\" data-element_type=\"column\" data-e-type=\"column\">\n\t\t\t<div class=\"elementor-widget-wrap elementor-element-populated\">\n\t\t\t\t\t\t<div class=\"elementor-element elementor-element-de8583b elementor-widget elementor-widget-heading\" data-id=\"de8583b\" data-element_type=\"widget\" data-e-type=\"widget\" data-widget_type=\"heading.default\">\n\t\t\t\t<div class=\"elementor-widget-container\">\n\t\t\t\t\t<h1 class=\"elementor-heading-title elementor-size-default\">Servicios<\/h1>\t\t\t\t<\/div>\n\t\t\t\t<\/div>\n\t\t\t\t<div class=\"elementor-element elementor-element-b6c15a5 elementor-widget elementor-widget-text-editor\" data-id=\"b6c15a5\" data-element_type=\"widget\" data-e-type=\"widget\" data-widget_type=\"text-editor.default\">\n\t\t\t\t<div class=\"elementor-widget-container\">\n\t\t\t\t\t\t\t\t\t<p>\u00bfQue ofertar\u00e1 el OTDS?<\/p>\t\t\t\t\t\t\t\t<\/div>\n\t\t\t\t<\/div>\n\t\t\t\t\t<\/div>\n\t\t<\/div>\n\t\t\t\t\t<\/div>\n\t\t<\/section>\n\t\t\t\t<section class=\"elementor-section elementor-top-section elementor-element elementor-element-9c06952 elementor-section-content-middle elementor-section-boxed elementor-section-height-default elementor-section-height-default\" data-id=\"9c06952\" data-element_type=\"section\" data-e-type=\"section\">\n\t\t\t\t\t\t<div class=\"elementor-container elementor-column-gap-no\">\n\t\t\t\t\t<div class=\"elementor-column elementor-col-33 elementor-top-column elementor-element elementor-element-85b149e\" data-id=\"85b149e\" data-element_type=\"column\" data-e-type=\"column\">\n\t\t\t<div class=\"elementor-widget-wrap elementor-element-populated\">\n\t\t\t\t\t\t<div class=\"elementor-element elementor-element-5933bc2 elementor-widget elementor-widget-heading\" data-id=\"5933bc2\" data-element_type=\"widget\" data-e-type=\"widget\" data-widget_type=\"heading.default\">\n\t\t\t\t<div class=\"elementor-widget-container\">\n\t\t\t\t\t<h6 class=\"elementor-heading-title elementor-size-default\">Principales servicios<\/h6>\t\t\t\t<\/div>\n\t\t\t\t<\/div>\n\t\t\t\t<div class=\"elementor-element elementor-element-f1cecd6 elementor-widget elementor-widget-heading\" data-id=\"f1cecd6\" data-element_type=\"widget\" data-e-type=\"widget\" data-widget_type=\"heading.default\">\n\t\t\t\t<div class=\"elementor-widget-container\">\n\t\t\t\t\t<h2 class=\"elementor-heading-title elementor-size-default\">Servicios<\/h2>\t\t\t\t<\/div>\n\t\t\t\t<\/div>\n\t\t\t\t\t<\/div>\n\t\t<\/div>\n\t\t\t\t<div class=\"elementor-column elementor-col-66 elementor-top-column elementor-element elementor-element-39c4fce\" data-id=\"39c4fce\" data-element_type=\"column\" data-e-type=\"column\">\n\t\t\t<div class=\"elementor-widget-wrap elementor-element-populated\">\n\t\t\t\t\t\t<div class=\"elementor-element elementor-element-dba6bdb elementor-widget elementor-widget-text-editor\" data-id=\"dba6bdb\" data-element_type=\"widget\" data-e-type=\"widget\" data-widget_type=\"text-editor.default\">\n\t\t\t\t<div class=\"elementor-widget-container\">\n\t\t\t\t\t\t\t\t\t<p>1. C\u00e1lculo del Indic\u00e9 de Vulnerabilidad Multidimensional (IVM) aplicado a diferentes procesos sociales (empleo, seguridad alimentaria, desarrollo urbano, entre otros). Esto incluye, adem\u00e1s, la transformaci\u00f3n digital, lo que posibilitar\u00e1 a los gobiernos tomar decisiones m\u00e1s efectivas respecto a la disminuci\u00f3n de las brechas digitales a escala local. <br \/>2. Medici\u00f3n del \u00cdndice Territorial de Inteligencia Artificial (ITIA), que facilitar\u00e1 a las instituciones y empresas, evaluar su capacidad para el desarrollo o implementaci\u00f3n de la IA en sus actividades y servicios fundamentales. <br \/>3. Software para evaluar el impacto social de pol\u00edticas p\u00fablicas y cambios socioecon\u00f3micos que se implementen en el territorio, con la finalidad de alcanzar mayor desarrollo humano y reducir las desigualdades sociales, entre ellas, la transformaci\u00f3n digital.<br \/>4. Software para evaluar y monitorear el contexto social, econ\u00f3mico, f\u00edsico y cultural que genera riesgos y vulnerabilidades, asociadas a la seguridad inform\u00e1tica en empresas (estatales o privadas) e instituciones del territorio<\/p>\t\t\t\t\t\t\t\t<\/div>\n\t\t\t\t<\/div>\n\t\t\t\t\t<\/div>\n\t\t<\/div>\n\t\t\t\t\t<\/div>\n\t\t<\/section>\n\t\t\t\t<\/div>\n\t\t","protected":false},"excerpt":{"rendered":"<p>Servicios \u00bfQue ofertar\u00e1 el OTDS? Principales servicios Servicios 1. C\u00e1lculo del Indic\u00e9 de Vulnerabilidad Multidimensional (IVM) aplicado a diferentes procesos sociales (empleo, seguridad alimentaria, desarrollo urbano, entre otros). Esto incluye, adem\u00e1s, la transformaci\u00f3n digital, lo que posibilitar\u00e1 a los gobiernos tomar decisiones m\u00e1s efectivas respecto a la disminuci\u00f3n de las brechas digitales a escala local. [&hellip;]<\/p>\n","protected":false},"author":3,"featured_media":0,"parent":0,"menu_order":0,"comment_status":"closed","ping_status":"closed","template":"","meta":{"site-sidebar-layout":"no-sidebar","site-content-layout":"page-builder","ast-site-content-layout":"full-width-container","site-content-style":"unboxed","site-sidebar-style":"unboxed","ast-global-header-display":"","ast-banner-title-visibility":"","ast-main-header-display":"","ast-hfb-above-header-display":"","ast-hfb-below-header-display":"","ast-hfb-mobile-header-display":"","site-post-title":"disabled","ast-breadcrumbs-content":"disabled","ast-featured-img":"disabled","footer-sml-layout":"","ast-disable-related-posts":"","theme-transparent-header-meta":"enabled","adv-header-id-meta":"","stick-header-meta":"","header-above-stick-meta":"","header-main-stick-meta":"","header-below-stick-meta":"","astra-migrate-meta-layouts":"set","ast-page-background-enabled":"default","ast-page-background-meta":{"desktop":{"background-color":"","background-image":"","background-repeat":"repeat","background-position":"center center","background-size":"auto","background-attachment":"scroll","background-type":"","background-media":"","overlay-type":"","overlay-color":"","overlay-opacity":"","overlay-gradient":""},"tablet":{"background-color":"","background-image":"","background-repeat":"repeat","background-position":"center center","background-size":"auto","background-attachment":"scroll","background-type":"","background-media":"","overlay-type":"","overlay-color":"","overlay-opacity":"","overlay-gradient":""},"mobile":{"background-color":"","background-image":"","background-repeat":"repeat","background-position":"center center","background-size":"auto","background-attachment":"scroll","background-type":"","background-media":"","overlay-type":"","overlay-color":"","overlay-opacity":"","overlay-gradient":""}},"ast-content-background-meta":{"desktop":{"background-color":"var(--ast-global-color-5)","background-image":"","background-repeat":"repeat","background-position":"center center","background-size":"auto","background-attachment":"scroll","background-type":"","background-media":"","overlay-type":"","overlay-color":"","overlay-opacity":"","overlay-gradient":""},"tablet":{"background-color":"var(--ast-global-color-5)","background-image":"","background-repeat":"repeat","background-position":"center center","background-size":"auto","background-attachment":"scroll","background-type":"","background-media":"","overlay-type":"","overlay-color":"","overlay-opacity":"","overlay-gradient":""},"mobile":{"background-color":"var(--ast-global-color-5)","background-image":"","background-repeat":"repeat","background-position":"center center","background-size":"auto","background-attachment":"scroll","background-type":"","background-media":"","overlay-type":"","overlay-color":"","overlay-opacity":"","overlay-gradient":""}},"footnotes":""},"class_list":["post-1793","page","type-page","status-publish","hentry"],"rttpg_featured_image_url":null,"rttpg_author":{"display_name":"webmaster","author_link":"https:\/\/observatorios.uo.edu.cu\/desarrollosocial\/author\/webmaster\/"},"rttpg_comment":0,"rttpg_category":null,"rttpg_excerpt":"Servicios \u00bfQue ofertar\u00e1 el OTDS? Principales servicios Servicios 1. C\u00e1lculo del Indic\u00e9 de Vulnerabilidad Multidimensional (IVM) aplicado a diferentes procesos sociales (empleo, seguridad alimentaria, desarrollo urbano, entre otros). Esto incluye, adem\u00e1s, la transformaci\u00f3n digital, lo que posibilitar\u00e1 a los gobiernos tomar decisiones m\u00e1s efectivas respecto a la disminuci\u00f3n de las brechas digitales a escala local.&hellip;","_links":{"self":[{"href":"https:\/\/observatorios.uo.edu.cu\/desarrollosocial\/wp-json\/wp\/v2\/pages\/1793","targetHints":{"allow":["GET"]}}],"collection":[{"href":"https:\/\/observatorios.uo.edu.cu\/desarrollosocial\/wp-json\/wp\/v2\/pages"}],"about":[{"href":"https:\/\/observatorios.uo.edu.cu\/desarrollosocial\/wp-json\/wp\/v2\/types\/page"}],"author":[{"embeddable":true,"href":"https:\/\/observatorios.uo.edu.cu\/desarrollosocial\/wp-json\/wp\/v2\/users\/3"}],"replies":[{"embeddable":true,"href":"https:\/\/observatorios.uo.edu.cu\/desarrollosocial\/wp-json\/wp\/v2\/comments?post=1793"}],"version-history":[{"count":7,"href":"https:\/\/observatorios.uo.edu.cu\/desarrollosocial\/wp-json\/wp\/v2\/pages\/1793\/revisions"}],"predecessor-version":[{"id":1800,"href":"https:\/\/observatorios.uo.edu.cu\/desarrollosocial\/wp-json\/wp\/v2\/pages\/1793\/revisions\/1800"}],"wp:attachment":[{"href":"https:\/\/observatorios.uo.edu.cu\/desarrollosocial\/wp-json\/wp\/v2\/media?parent=1793"}],"curies":[{"name":"wp","href":"https:\/\/api.w.org\/{rel}","templated":true}]}}