{"id":13,"date":"2016-12-12T15:58:43","date_gmt":"2016-12-12T15:58:43","guid":{"rendered":"http:\/\/observatorios.uo.edu.cu\/tecnologia\/?page_id=13"},"modified":"2017-01-20T15:12:17","modified_gmt":"2017-01-20T15:12:17","slug":"ayuda","status":"publish","type":"page","link":"https:\/\/observatorios.uo.edu.cu\/tecnologia\/ayuda\/","title":{"rendered":"Ayuda"},"content":{"rendered":"<h4>\u00bfNecesitas Ayuda?<\/h4>\n<p>Cualquier duda o ayuda que necesites acerca de nuestra comunidad puedes esclarecerla visitando nuestra secci\u00f3n de preguntas m\u00e1s frecuentes o simplemente contact\u00e1ndonos a trav\u00e9s del formulario de Contacto.<\/p>\n<ul>\n<li><a href=\"http:\/\/observatorio.cultura.uo.edu.cu\/reglamento\/\">Reglamento<\/a><\/li>\n<li><a href=\"http:\/\/observatorio.cultura.uo.edu.cu\/faqs\/\">Preguntas m\u00e1s frecuentes<\/a><\/li>\n<\/ul>\n","protected":false},"excerpt":{"rendered":"<p>\u00bfNecesitas Ayuda? Cualquier duda o ayuda que necesites acerca de nuestra comunidad puedes esclarecerla visitando nuestra secci\u00f3n de preguntas m\u00e1s frecuentes o simplemente contact\u00e1ndonos a trav\u00e9s del formulario de Contacto. Reglamento Preguntas m\u00e1s frecuentes<\/p>\n","protected":false},"author":2,"featured_media":0,"parent":0,"menu_order":0,"comment_status":"closed","ping_status":"closed","template":"","meta":{"footnotes":""},"class_list":["post-13","page","type-page","status-publish","hentry"],"rttpg_featured_image_url":null,"rttpg_author":{"display_name":"tecnologia","author_link":"https:\/\/observatorios.uo.edu.cu\/tecnologia\/author\/tecnologia\/"},"rttpg_comment":0,"rttpg_category":null,"rttpg_excerpt":"\u00bfNecesitas Ayuda? Cualquier duda o ayuda que necesites acerca de nuestra comunidad puedes esclarecerla visitando nuestra secci\u00f3n de preguntas m\u00e1s frecuentes o simplemente contact\u00e1ndonos a trav\u00e9s del formulario de Contacto. Reglamento Preguntas m\u00e1s frecuentes","_links":{"self":[{"href":"https:\/\/observatorios.uo.edu.cu\/tecnologia\/wp-json\/wp\/v2\/pages\/13","targetHints":{"allow":["GET"]}}],"collection":[{"href":"https:\/\/observatorios.uo.edu.cu\/tecnologia\/wp-json\/wp\/v2\/pages"}],"about":[{"href":"https:\/\/observatorios.uo.edu.cu\/tecnologia\/wp-json\/wp\/v2\/types\/page"}],"author":[{"embeddable":true,"href":"https:\/\/observatorios.uo.edu.cu\/tecnologia\/wp-json\/wp\/v2\/users\/2"}],"replies":[{"embeddable":true,"href":"https:\/\/observatorios.uo.edu.cu\/tecnologia\/wp-json\/wp\/v2\/comments?post=13"}],"version-history":[{"count":10,"href":"https:\/\/observatorios.uo.edu.cu\/tecnologia\/wp-json\/wp\/v2\/pages\/13\/revisions"}],"predecessor-version":[{"id":141,"href":"https:\/\/observatorios.uo.edu.cu\/tecnologia\/wp-json\/wp\/v2\/pages\/13\/revisions\/141"}],"wp:attachment":[{"href":"https:\/\/observatorios.uo.edu.cu\/tecnologia\/wp-json\/wp\/v2\/media?parent=13"}],"curies":[{"name":"wp","href":"https:\/\/api.w.org\/{rel}","templated":true}]}}