{"id":262,"date":"2017-02-16T16:01:19","date_gmt":"2017-02-16T16:01:19","guid":{"rendered":"http:\/\/observatorios.uo.edu.cu\/tecnologia\/?page_id=262"},"modified":"2019-04-03T19:28:19","modified_gmt":"2019-04-03T19:28:19","slug":"investigacion-3","status":"publish","type":"page","link":"https:\/\/observatorios.uo.edu.cu\/tecnologia\/investigacion-3\/","title":{"rendered":"La tutor\u00eda virtual"},"content":{"rendered":"<p><strong>UN RETO PARA EL PROFESOR DEL FUTURO: LA TUTOR\u00cdA VIRTUAL<\/strong><br \/>\n<strong>Autores<\/strong><br \/>\nGabriela Eugenia Padilla S\u00e1nchez<br \/>\nFernando Leal R\u00edos<br \/>\nMauricio Hern\u00e1ndez Ram\u00edrez<br \/>\nJulio Cabero Almenara<\/p>\n<p><strong>Coautores<\/strong><br \/>\nMar\u00eda Garc\u00eda Leal, Jovita Garc\u00eda Castillo<br \/>\nUniversidad Aut\u00f3noma de Tamaulipas, M\u00e9xico<br \/>\nJulio Barroso Osuna, Mar\u00eda del Carmen Llorente<br \/>\nUniversidad de Sevilla, Espa\u00f1a<br \/>\nCarlos Casta\u00f1o Garrido, Inmaculada Maiz Olazabalaga<br \/>\nUniversidad del Pa\u00eds Vasco, Espa\u00f1a<br \/>\nElvira Esther Navas Pi\u00f1ate, Mar\u00eda Cecilia Fonseca<br \/>\nUniversidad Metropolitana, Venezuela<br \/>\n\u00c1ngel Puentes Puente<br \/>\nPontificia Universidad Cat\u00f3lica Madre y Maestra, Rep\u00fablica Dominicana<\/p>\n<p><a href=\"http:\/\/observatorios.uo.edu.cu\/tecnologia\/wp-content\/uploads\/sites\/3\/2019\/04\/Un_reto_para_el_profesor_del_futuro_la_tutoria_virtual2.pdf\" target=\"_blank\"><strong>Descargar material completo <\/strong><\/a><em>(Tomado de: https:\/\/idus.us.es\/xmlui\/bitstream\/handle\/11441\/40462\/Un_reto_para_el_profesor_del_futuro_la_tutoria_virtual2.pdf)<\/em><\/p>\n","protected":false},"excerpt":{"rendered":"<p>UN RETO PARA EL PROFESOR DEL FUTURO: LA TUTOR\u00cdA VIRTUAL Autores Gabriela Eugenia Padilla S\u00e1nchez Fernando Leal R\u00edos Mauricio Hern\u00e1ndez Ram\u00edrez Julio Cabero Almenara Coautores Mar\u00eda Garc\u00eda Leal, Jovita Garc\u00eda Castillo Universidad Aut\u00f3noma de Tamaulipas, M\u00e9xico Julio Barroso Osuna, Mar\u00eda del Carmen Llorente Universidad de Sevilla, Espa\u00f1a Carlos Casta\u00f1o Garrido, Inmaculada Maiz Olazabalaga Universidad del &#8230; <a class=\"read-more\" href=\"https:\/\/observatorios.uo.edu.cu\/tecnologia\/investigacion-3\/\">Leer m\u00e1s<\/a><\/p>\n","protected":false},"author":2,"featured_media":0,"parent":0,"menu_order":0,"comment_status":"closed","ping_status":"closed","template":"","meta":{"footnotes":""},"class_list":["post-262","page","type-page","status-publish","hentry"],"rttpg_featured_image_url":null,"rttpg_author":{"display_name":"tecnologia","author_link":"https:\/\/observatorios.uo.edu.cu\/tecnologia\/author\/tecnologia\/"},"rttpg_comment":0,"rttpg_category":null,"rttpg_excerpt":"UN RETO PARA EL PROFESOR DEL FUTURO: LA TUTOR\u00cdA VIRTUAL Autores Gabriela Eugenia Padilla S\u00e1nchez Fernando Leal R\u00edos Mauricio Hern\u00e1ndez Ram\u00edrez Julio Cabero Almenara Coautores Mar\u00eda Garc\u00eda Leal, Jovita Garc\u00eda Castillo Universidad Aut\u00f3noma de Tamaulipas, M\u00e9xico Julio Barroso Osuna, Mar\u00eda del Carmen Llorente Universidad de Sevilla, Espa\u00f1a Carlos Casta\u00f1o Garrido, Inmaculada Maiz Olazabalaga Universidad del&hellip;","_links":{"self":[{"href":"https:\/\/observatorios.uo.edu.cu\/tecnologia\/wp-json\/wp\/v2\/pages\/262","targetHints":{"allow":["GET"]}}],"collection":[{"href":"https:\/\/observatorios.uo.edu.cu\/tecnologia\/wp-json\/wp\/v2\/pages"}],"about":[{"href":"https:\/\/observatorios.uo.edu.cu\/tecnologia\/wp-json\/wp\/v2\/types\/page"}],"author":[{"embeddable":true,"href":"https:\/\/observatorios.uo.edu.cu\/tecnologia\/wp-json\/wp\/v2\/users\/2"}],"replies":[{"embeddable":true,"href":"https:\/\/observatorios.uo.edu.cu\/tecnologia\/wp-json\/wp\/v2\/comments?post=262"}],"version-history":[{"count":8,"href":"https:\/\/observatorios.uo.edu.cu\/tecnologia\/wp-json\/wp\/v2\/pages\/262\/revisions"}],"predecessor-version":[{"id":321,"href":"https:\/\/observatorios.uo.edu.cu\/tecnologia\/wp-json\/wp\/v2\/pages\/262\/revisions\/321"}],"wp:attachment":[{"href":"https:\/\/observatorios.uo.edu.cu\/tecnologia\/wp-json\/wp\/v2\/media?parent=262"}],"curies":[{"name":"wp","href":"https:\/\/api.w.org\/{rel}","templated":true}]}}